{"id":8758,"date":"2015-03-01T19:59:00","date_gmt":"2015-03-01T22:59:00","guid":{"rendered":"http:\/\/arthurrosa.com\/?post_type=product&#038;p=8758"},"modified":"2022-04-23T10:51:44","modified_gmt":"2022-04-23T13:51:44","slug":"album-couro","status":"publish","type":"product","link":"https:\/\/arthurrosa.com\/es\/produto\/album-couro\/","title":{"rendered":"\u00c1lbum em Couro"},"content":{"rendered":"<p>Estes \u00e1lbuns s\u00e3o confeccionados em couro, o que propicia excelente acabamento e durabilidade, al\u00e9m de muita eleg\u00e2ncia.<\/p>\n","protected":false},"excerpt":{"rendered":"<p>Tamanho: 15&#215;15, 25&#215;25 e 30&#215;30.<\/p>\n<p>Quantidade de p\u00e1ginas: 50, com possibilidade de l\u00e2minas extras.<\/p>\n<p>Cores: Preto, Branco, Bege e Marrom.<\/p>\n","protected":false},"featured_media":247108,"template":"","meta":{"_acf_changed":false,"_joinchat":[]},"product_brand":[],"product_cat":[360],"product_tag":[],"class_list":{"0":"post-8758","1":"product","2":"type-product","3":"status-publish","4":"has-post-thumbnail","6":"product_cat-album","8":"first","9":"instock","10":"shipping-taxable","11":"purchasable","12":"product-type-variable","13":"has-default-attributes"},"acf":[],"yoast_head":"<!-- This site is optimized with the Yoast SEO Premium plugin v27.2 (Yoast SEO v27.2) - https:\/\/yoast.com\/product\/yoast-seo-premium-wordpress\/ -->\n<title>\u00c1lbum de Casamento - Loja do Arthur Rosa<\/title>\n<meta name=\"description\" content=\"Compre seu \u00e1lbum de casamento em at\u00e9 12x sem juros com Arthur Rosa - fotografias especiais.\" \/>\n<meta name=\"robots\" content=\"index, follow, max-snippet:-1, max-image-preview:large, max-video-preview:-1\" \/>\n<link rel=\"canonical\" href=\"https:\/\/arthurrosa.com\/es\/produto\/album-couro\/\" \/>\n<meta property=\"og:locale\" content=\"es_ES\" \/>\n<meta property=\"og:type\" content=\"article\" \/>\n<meta property=\"og:title\" content=\"\u00c1lbum em Couro\" \/>\n<meta property=\"og:description\" content=\"Compre seu \u00e1lbum de casamento em at\u00e9 12x sem juros com Arthur Rosa - fotografias especiais.\" \/>\n<meta property=\"og:url\" content=\"https:\/\/arthurrosa.com\/es\/produto\/album-couro\/\" \/>\n<meta property=\"og:site_name\" content=\"Arthur Rosa - fot\u00f3grafo de casamento\" \/>\n<meta property=\"article:publisher\" content=\"https:\/\/www.facebook.com\/ArthurRosa\" \/>\n<meta property=\"article:modified_time\" content=\"2022-04-23T13:51:44+00:00\" \/>\n<meta property=\"og:image\" content=\"https:\/\/arthurrosa.com\/wp-content\/uploads\/2015\/03\/core-287-27650-1.jpeg\" \/>\n\t<meta property=\"og:image:width\" content=\"1583\" \/>\n\t<meta property=\"og:image:height\" content=\"1583\" \/>\n\t<meta property=\"og:image:type\" content=\"image\/jpeg\" \/>\n<meta name=\"twitter:card\" content=\"summary_large_image\" \/>\n<meta name=\"twitter:site\" content=\"@ArthurRosaTV\" \/>\n<script type=\"application\/ld+json\" class=\"yoast-schema-graph\">{\"@context\":\"https:\/\/schema.org\",\"@graph\":[{\"@type\":\"WebPage\",\"@id\":\"https:\/\/arthurrosa.com\/es\/produto\/album-couro\/\",\"url\":\"https:\/\/arthurrosa.com\/es\/produto\/album-couro\/\",\"name\":\"\u00c1lbum de Casamento - Loja do Arthur Rosa\",\"isPartOf\":{\"@id\":\"https:\/\/arthurrosa.com\/es\/#website\"},\"primaryImageOfPage\":{\"@id\":\"https:\/\/arthurrosa.com\/es\/produto\/album-couro\/#primaryimage\"},\"image\":{\"@id\":\"https:\/\/arthurrosa.com\/es\/produto\/album-couro\/#primaryimage\"},\"thumbnailUrl\":\"https:\/\/arthurrosa.com\/wp-content\/uploads\/2015\/03\/core-287-27650-1.jpeg\",\"datePublished\":\"2015-03-01T22:59:00+00:00\",\"dateModified\":\"2022-04-23T13:51:44+00:00\",\"description\":\"Compre seu \u00e1lbum de casamento em at\u00e9 12x sem juros com Arthur Rosa - fotografias especiais.\",\"breadcrumb\":{\"@id\":\"https:\/\/arthurrosa.com\/es\/produto\/album-couro\/#breadcrumb\"},\"inLanguage\":\"es\",\"potentialAction\":[{\"@type\":\"ReadAction\",\"target\":[\"https:\/\/arthurrosa.com\/es\/produto\/album-couro\/\"]}]},{\"@type\":\"ImageObject\",\"inLanguage\":\"es\",\"@id\":\"https:\/\/arthurrosa.com\/es\/produto\/album-couro\/#primaryimage\",\"url\":\"https:\/\/arthurrosa.com\/wp-content\/uploads\/2015\/03\/core-287-27650-1.jpeg\",\"contentUrl\":\"https:\/\/arthurrosa.com\/wp-content\/uploads\/2015\/03\/core-287-27650-1.jpeg\",\"width\":1583,\"height\":1583},{\"@type\":\"BreadcrumbList\",\"@id\":\"https:\/\/arthurrosa.com\/es\/produto\/album-couro\/#breadcrumb\",\"itemListElement\":[{\"@type\":\"ListItem\",\"position\":1,\"name\":\"In\u00edcio\",\"item\":\"https:\/\/arthurrosa.com\/es\/\"},{\"@type\":\"ListItem\",\"position\":2,\"name\":\"Loja\",\"item\":\"https:\/\/arthurrosa.com\/loja\/\"},{\"@type\":\"ListItem\",\"position\":3,\"name\":\"\u00c1lbum em Couro\"}]},{\"@type\":\"WebSite\",\"@id\":\"https:\/\/arthurrosa.com\/es\/#website\",\"url\":\"https:\/\/arthurrosa.com\/es\/\",\"name\":\"Arthur Rosa - fot\u00f3grafo de casamento\",\"description\":\"Fot\u00f3grafo de casamento em Fortaleza-CE, Arthur Rosa \u00e9 um dos mais requisitados fot\u00f3grafos na atualidade.\",\"potentialAction\":[{\"@type\":\"SearchAction\",\"target\":{\"@type\":\"EntryPoint\",\"urlTemplate\":\"https:\/\/arthurrosa.com\/es\/?s={search_term_string}\"},\"query-input\":{\"@type\":\"PropertyValueSpecification\",\"valueRequired\":true,\"valueName\":\"search_term_string\"}}],\"inLanguage\":\"es\"}]}<\/script>\n<!-- \/ Yoast SEO Premium plugin. -->","yoast_head_json":{"title":"\u00c1lbum de Casamento - Loja do Arthur Rosa","description":"Compre seu \u00e1lbum de casamento em at\u00e9 12x sem juros com Arthur Rosa - fotografias especiais.","robots":{"index":"index","follow":"follow","max-snippet":"max-snippet:-1","max-image-preview":"max-image-preview:large","max-video-preview":"max-video-preview:-1"},"canonical":"https:\/\/arthurrosa.com\/es\/produto\/album-couro\/","og_locale":"es_ES","og_type":"article","og_title":"\u00c1lbum em Couro","og_description":"Compre seu \u00e1lbum de casamento em at\u00e9 12x sem juros com Arthur Rosa - fotografias especiais.","og_url":"https:\/\/arthurrosa.com\/es\/produto\/album-couro\/","og_site_name":"Arthur Rosa - fot\u00f3grafo de casamento","article_publisher":"https:\/\/www.facebook.com\/ArthurRosa","article_modified_time":"2022-04-23T13:51:44+00:00","og_image":[{"width":1583,"height":1583,"url":"https:\/\/arthurrosa.com\/wp-content\/uploads\/2015\/03\/core-287-27650-1.jpeg","type":"image\/jpeg"}],"twitter_card":"summary_large_image","twitter_site":"@ArthurRosaTV","schema":{"@context":"https:\/\/schema.org","@graph":[{"@type":"WebPage","@id":"https:\/\/arthurrosa.com\/es\/produto\/album-couro\/","url":"https:\/\/arthurrosa.com\/es\/produto\/album-couro\/","name":"\u00c1lbum de Casamento - Loja do Arthur Rosa","isPartOf":{"@id":"https:\/\/arthurrosa.com\/es\/#website"},"primaryImageOfPage":{"@id":"https:\/\/arthurrosa.com\/es\/produto\/album-couro\/#primaryimage"},"image":{"@id":"https:\/\/arthurrosa.com\/es\/produto\/album-couro\/#primaryimage"},"thumbnailUrl":"https:\/\/arthurrosa.com\/wp-content\/uploads\/2015\/03\/core-287-27650-1.jpeg","datePublished":"2015-03-01T22:59:00+00:00","dateModified":"2022-04-23T13:51:44+00:00","description":"Compre seu \u00e1lbum de casamento em at\u00e9 12x sem juros com Arthur Rosa - fotografias especiais.","breadcrumb":{"@id":"https:\/\/arthurrosa.com\/es\/produto\/album-couro\/#breadcrumb"},"inLanguage":"es","potentialAction":[{"@type":"ReadAction","target":["https:\/\/arthurrosa.com\/es\/produto\/album-couro\/"]}]},{"@type":"ImageObject","inLanguage":"es","@id":"https:\/\/arthurrosa.com\/es\/produto\/album-couro\/#primaryimage","url":"https:\/\/arthurrosa.com\/wp-content\/uploads\/2015\/03\/core-287-27650-1.jpeg","contentUrl":"https:\/\/arthurrosa.com\/wp-content\/uploads\/2015\/03\/core-287-27650-1.jpeg","width":1583,"height":1583},{"@type":"BreadcrumbList","@id":"https:\/\/arthurrosa.com\/es\/produto\/album-couro\/#breadcrumb","itemListElement":[{"@type":"ListItem","position":1,"name":"In\u00edcio","item":"https:\/\/arthurrosa.com\/es\/"},{"@type":"ListItem","position":2,"name":"Loja","item":"https:\/\/arthurrosa.com\/loja\/"},{"@type":"ListItem","position":3,"name":"\u00c1lbum em Couro"}]},{"@type":"WebSite","@id":"https:\/\/arthurrosa.com\/es\/#website","url":"https:\/\/arthurrosa.com\/es\/","name":"Arthur Rosa - fot\u00f3grafo de casamento","description":"Fot\u00f3grafo de casamento em Fortaleza-CE, Arthur Rosa \u00e9 um dos mais requisitados fot\u00f3grafos na atualidade.","potentialAction":[{"@type":"SearchAction","target":{"@type":"EntryPoint","urlTemplate":"https:\/\/arthurrosa.com\/es\/?s={search_term_string}"},"query-input":{"@type":"PropertyValueSpecification","valueRequired":true,"valueName":"search_term_string"}}],"inLanguage":"es"}]}},"_links":{"self":[{"href":"https:\/\/arthurrosa.com\/es\/wp-json\/wp\/v2\/product\/8758","targetHints":{"allow":["GET"]}}],"collection":[{"href":"https:\/\/arthurrosa.com\/es\/wp-json\/wp\/v2\/product"}],"about":[{"href":"https:\/\/arthurrosa.com\/es\/wp-json\/wp\/v2\/types\/product"}],"wp:featuredmedia":[{"embeddable":true,"href":"https:\/\/arthurrosa.com\/es\/wp-json\/wp\/v2\/media\/247108"}],"wp:attachment":[{"href":"https:\/\/arthurrosa.com\/es\/wp-json\/wp\/v2\/media?parent=8758"}],"wp:term":[{"taxonomy":"product_brand","embeddable":true,"href":"https:\/\/arthurrosa.com\/es\/wp-json\/wp\/v2\/product_brand?post=8758"},{"taxonomy":"product_cat","embeddable":true,"href":"https:\/\/arthurrosa.com\/es\/wp-json\/wp\/v2\/product_cat?post=8758"},{"taxonomy":"product_tag","embeddable":true,"href":"https:\/\/arthurrosa.com\/es\/wp-json\/wp\/v2\/product_tag?post=8758"}],"curies":[{"name":"wp","href":"https:\/\/api.w.org\/{rel}","templated":true}]}}