{"id":8754,"date":"2015-03-01T19:00:22","date_gmt":"2015-03-01T22:00:22","guid":{"rendered":"http:\/\/arthurrosa.com\/?post_type=product&#038;p=8754"},"modified":"2024-05-28T10:12:26","modified_gmt":"2024-05-28T13:12:26","slug":"pre-wedding","status":"publish","type":"product","link":"https:\/\/arthurrosa.com\/es\/produto\/pre-wedding\/","title":{"rendered":"Ensaio Pr\u00e9-Wedding"},"content":{"rendered":"<p><strong>Dura\u00e7\u00e3o: <\/strong>2hs<\/p>\n<p><strong>Quantidade de fotos:<\/strong> 120.<\/p>\n<p><strong>Loca\u00e7\u00e3o:<\/strong> Fortaleza-CE e adjac\u00eancias (aplica-se custos extras para fora da RMF).<\/p>\n<p><strong>M\u00e9todo de Entrega:<\/strong> Galeria online para download.<\/p>\n","protected":false},"excerpt":{"rendered":"<p>Contrate seu ensaio pr\u00e9-wedding facilmente aqui na nossa loja online parcelando em at\u00e9 6x sem juros no cart\u00e3o.<\/p>\n<p>Voc\u00ea j\u00e1 pode agendar sua data imediatamente ap\u00f3s a compra.<\/p>\n<p>Voc\u00ea poder\u00e1 pagar em at\u00e9 <strong>6x sem juros no cart\u00e3o e agendar sua data imediatamente.<\/strong><\/p>\n","protected":false},"featured_media":247114,"template":"","meta":{"_acf_changed":false,"_joinchat":[]},"product_brand":[],"product_cat":[2600],"product_tag":[],"class_list":{"0":"post-8754","1":"product","2":"type-product","3":"status-publish","4":"has-post-thumbnail","6":"product_cat-servicos","8":"first","9":"instock","10":"featured","11":"virtual","12":"sold-individually","13":"purchasable","14":"product-type-simple"},"acf":[],"yoast_head":"<!-- This site is optimized with the Yoast SEO Premium plugin v27.2 (Yoast SEO v27.2) - https:\/\/yoast.com\/product\/yoast-seo-premium-wordpress\/ -->\n<title>Sess\u00e3o Pr\u00e9-Casamento em Fortaleza - Loja Arthur Rosa<\/title>\n<meta name=\"description\" content=\"Contrate sua sess\u00e3o pr\u00e9 casamento(e-session) e parcele em at\u00e9 6x sem juros nos cart\u00f5es na loja de Arthur Rosa.\" \/>\n<meta name=\"robots\" content=\"index, follow, max-snippet:-1, max-image-preview:large, max-video-preview:-1\" \/>\n<link rel=\"canonical\" href=\"https:\/\/arthurrosa.com\/es\/produto\/pre-wedding\/\" \/>\n<meta property=\"og:locale\" content=\"es_ES\" \/>\n<meta property=\"og:type\" content=\"article\" \/>\n<meta property=\"og:title\" content=\"Contrate sua Sess\u00e3o de Casal e pague em 6x sem juros no cart\u00e3o.\" \/>\n<meta property=\"og:description\" content=\"Contrate sua sess\u00e3o pr\u00e9 casamento(e-session) e parcele em at\u00e9 6x sem juros nos cart\u00f5es na loja de Arthur Rosa.\" \/>\n<meta property=\"og:url\" content=\"https:\/\/arthurrosa.com\/es\/produto\/pre-wedding\/\" \/>\n<meta property=\"og:site_name\" content=\"Arthur Rosa - fot\u00f3grafo de casamento\" \/>\n<meta property=\"article:publisher\" content=\"https:\/\/www.facebook.com\/ArthurRosa\" \/>\n<meta property=\"article:modified_time\" content=\"2024-05-28T13:12:26+00:00\" \/>\n<meta property=\"og:image\" content=\"https:\/\/arthurrosa.com\/wp-content\/uploads\/2015\/03\/52845395_326971077946417_334364407617390218_n.jpg\" \/>\n\t<meta property=\"og:image:width\" content=\"1080\" \/>\n\t<meta property=\"og:image:height\" content=\"1080\" \/>\n\t<meta property=\"og:image:type\" content=\"image\/jpeg\" \/>\n<meta name=\"twitter:card\" content=\"summary_large_image\" \/>\n<meta name=\"twitter:title\" content=\"Ensaio Pr\u00e9-Wedding\" \/>\n<meta name=\"twitter:site\" content=\"@ArthurRosaTV\" \/>\n<script type=\"application\/ld+json\" class=\"yoast-schema-graph\">{\"@context\":\"https:\/\/schema.org\",\"@graph\":[{\"@type\":\"WebPage\",\"@id\":\"https:\/\/arthurrosa.com\/es\/produto\/pre-wedding\/\",\"url\":\"https:\/\/arthurrosa.com\/es\/produto\/pre-wedding\/\",\"name\":\"Sess\u00e3o Pr\u00e9-Casamento em Fortaleza - Loja Arthur Rosa\",\"isPartOf\":{\"@id\":\"https:\/\/arthurrosa.com\/es\/#website\"},\"primaryImageOfPage\":{\"@id\":\"https:\/\/arthurrosa.com\/es\/produto\/pre-wedding\/#primaryimage\"},\"image\":{\"@id\":\"https:\/\/arthurrosa.com\/es\/produto\/pre-wedding\/#primaryimage\"},\"thumbnailUrl\":\"https:\/\/arthurrosa.com\/wp-content\/uploads\/2015\/03\/52845395_326971077946417_334364407617390218_n.jpg\",\"datePublished\":\"2015-03-01T22:00:22+00:00\",\"dateModified\":\"2024-05-28T13:12:26+00:00\",\"description\":\"Contrate sua sess\u00e3o pr\u00e9 casamento(e-session) e parcele em at\u00e9 6x sem juros nos cart\u00f5es na loja de Arthur Rosa.\",\"breadcrumb\":{\"@id\":\"https:\/\/arthurrosa.com\/es\/produto\/pre-wedding\/#breadcrumb\"},\"inLanguage\":\"es\",\"potentialAction\":[{\"@type\":\"ReadAction\",\"target\":[\"https:\/\/arthurrosa.com\/es\/produto\/pre-wedding\/\"]}]},{\"@type\":\"ImageObject\",\"inLanguage\":\"es\",\"@id\":\"https:\/\/arthurrosa.com\/es\/produto\/pre-wedding\/#primaryimage\",\"url\":\"https:\/\/arthurrosa.com\/wp-content\/uploads\/2015\/03\/52845395_326971077946417_334364407617390218_n.jpg\",\"contentUrl\":\"https:\/\/arthurrosa.com\/wp-content\/uploads\/2015\/03\/52845395_326971077946417_334364407617390218_n.jpg\",\"width\":1080,\"height\":1080},{\"@type\":\"BreadcrumbList\",\"@id\":\"https:\/\/arthurrosa.com\/es\/produto\/pre-wedding\/#breadcrumb\",\"itemListElement\":[{\"@type\":\"ListItem\",\"position\":1,\"name\":\"In\u00edcio\",\"item\":\"https:\/\/arthurrosa.com\/es\/\"},{\"@type\":\"ListItem\",\"position\":2,\"name\":\"Loja\",\"item\":\"https:\/\/arthurrosa.com\/loja\/\"},{\"@type\":\"ListItem\",\"position\":3,\"name\":\"Ensaio Pr\u00e9-Wedding\"}]},{\"@type\":\"WebSite\",\"@id\":\"https:\/\/arthurrosa.com\/es\/#website\",\"url\":\"https:\/\/arthurrosa.com\/es\/\",\"name\":\"Arthur Rosa - fot\u00f3grafo de casamento\",\"description\":\"Fot\u00f3grafo de casamento em Fortaleza-CE, Arthur Rosa \u00e9 um dos mais requisitados fot\u00f3grafos na atualidade.\",\"potentialAction\":[{\"@type\":\"SearchAction\",\"target\":{\"@type\":\"EntryPoint\",\"urlTemplate\":\"https:\/\/arthurrosa.com\/es\/?s={search_term_string}\"},\"query-input\":{\"@type\":\"PropertyValueSpecification\",\"valueRequired\":true,\"valueName\":\"search_term_string\"}}],\"inLanguage\":\"es\"}]}<\/script>\n<!-- \/ Yoast SEO Premium plugin. -->","yoast_head_json":{"title":"Sess\u00e3o Pr\u00e9-Casamento em Fortaleza - Loja Arthur Rosa","description":"Contrate sua sess\u00e3o pr\u00e9 casamento(e-session) e parcele em at\u00e9 6x sem juros nos cart\u00f5es na loja de Arthur Rosa.","robots":{"index":"index","follow":"follow","max-snippet":"max-snippet:-1","max-image-preview":"max-image-preview:large","max-video-preview":"max-video-preview:-1"},"canonical":"https:\/\/arthurrosa.com\/es\/produto\/pre-wedding\/","og_locale":"es_ES","og_type":"article","og_title":"Contrate sua Sess\u00e3o de Casal e pague em 6x sem juros no cart\u00e3o.","og_description":"Contrate sua sess\u00e3o pr\u00e9 casamento(e-session) e parcele em at\u00e9 6x sem juros nos cart\u00f5es na loja de Arthur Rosa.","og_url":"https:\/\/arthurrosa.com\/es\/produto\/pre-wedding\/","og_site_name":"Arthur Rosa - fot\u00f3grafo de casamento","article_publisher":"https:\/\/www.facebook.com\/ArthurRosa","article_modified_time":"2024-05-28T13:12:26+00:00","og_image":[{"width":1080,"height":1080,"url":"https:\/\/arthurrosa.com\/wp-content\/uploads\/2015\/03\/52845395_326971077946417_334364407617390218_n.jpg","type":"image\/jpeg"}],"twitter_card":"summary_large_image","twitter_title":"Ensaio Pr\u00e9-Wedding","twitter_site":"@ArthurRosaTV","schema":{"@context":"https:\/\/schema.org","@graph":[{"@type":"WebPage","@id":"https:\/\/arthurrosa.com\/es\/produto\/pre-wedding\/","url":"https:\/\/arthurrosa.com\/es\/produto\/pre-wedding\/","name":"Sess\u00e3o Pr\u00e9-Casamento em Fortaleza - Loja Arthur Rosa","isPartOf":{"@id":"https:\/\/arthurrosa.com\/es\/#website"},"primaryImageOfPage":{"@id":"https:\/\/arthurrosa.com\/es\/produto\/pre-wedding\/#primaryimage"},"image":{"@id":"https:\/\/arthurrosa.com\/es\/produto\/pre-wedding\/#primaryimage"},"thumbnailUrl":"https:\/\/arthurrosa.com\/wp-content\/uploads\/2015\/03\/52845395_326971077946417_334364407617390218_n.jpg","datePublished":"2015-03-01T22:00:22+00:00","dateModified":"2024-05-28T13:12:26+00:00","description":"Contrate sua sess\u00e3o pr\u00e9 casamento(e-session) e parcele em at\u00e9 6x sem juros nos cart\u00f5es na loja de Arthur Rosa.","breadcrumb":{"@id":"https:\/\/arthurrosa.com\/es\/produto\/pre-wedding\/#breadcrumb"},"inLanguage":"es","potentialAction":[{"@type":"ReadAction","target":["https:\/\/arthurrosa.com\/es\/produto\/pre-wedding\/"]}]},{"@type":"ImageObject","inLanguage":"es","@id":"https:\/\/arthurrosa.com\/es\/produto\/pre-wedding\/#primaryimage","url":"https:\/\/arthurrosa.com\/wp-content\/uploads\/2015\/03\/52845395_326971077946417_334364407617390218_n.jpg","contentUrl":"https:\/\/arthurrosa.com\/wp-content\/uploads\/2015\/03\/52845395_326971077946417_334364407617390218_n.jpg","width":1080,"height":1080},{"@type":"BreadcrumbList","@id":"https:\/\/arthurrosa.com\/es\/produto\/pre-wedding\/#breadcrumb","itemListElement":[{"@type":"ListItem","position":1,"name":"In\u00edcio","item":"https:\/\/arthurrosa.com\/es\/"},{"@type":"ListItem","position":2,"name":"Loja","item":"https:\/\/arthurrosa.com\/loja\/"},{"@type":"ListItem","position":3,"name":"Ensaio Pr\u00e9-Wedding"}]},{"@type":"WebSite","@id":"https:\/\/arthurrosa.com\/es\/#website","url":"https:\/\/arthurrosa.com\/es\/","name":"Arthur Rosa - fot\u00f3grafo de casamento","description":"Fot\u00f3grafo de casamento em Fortaleza-CE, Arthur Rosa \u00e9 um dos mais requisitados fot\u00f3grafos na atualidade.","potentialAction":[{"@type":"SearchAction","target":{"@type":"EntryPoint","urlTemplate":"https:\/\/arthurrosa.com\/es\/?s={search_term_string}"},"query-input":{"@type":"PropertyValueSpecification","valueRequired":true,"valueName":"search_term_string"}}],"inLanguage":"es"}]}},"_links":{"self":[{"href":"https:\/\/arthurrosa.com\/es\/wp-json\/wp\/v2\/product\/8754","targetHints":{"allow":["GET"]}}],"collection":[{"href":"https:\/\/arthurrosa.com\/es\/wp-json\/wp\/v2\/product"}],"about":[{"href":"https:\/\/arthurrosa.com\/es\/wp-json\/wp\/v2\/types\/product"}],"wp:featuredmedia":[{"embeddable":true,"href":"https:\/\/arthurrosa.com\/es\/wp-json\/wp\/v2\/media\/247114"}],"wp:attachment":[{"href":"https:\/\/arthurrosa.com\/es\/wp-json\/wp\/v2\/media?parent=8754"}],"wp:term":[{"taxonomy":"product_brand","embeddable":true,"href":"https:\/\/arthurrosa.com\/es\/wp-json\/wp\/v2\/product_brand?post=8754"},{"taxonomy":"product_cat","embeddable":true,"href":"https:\/\/arthurrosa.com\/es\/wp-json\/wp\/v2\/product_cat?post=8754"},{"taxonomy":"product_tag","embeddable":true,"href":"https:\/\/arthurrosa.com\/es\/wp-json\/wp\/v2\/product_tag?post=8754"}],"curies":[{"name":"wp","href":"https:\/\/api.w.org\/{rel}","templated":true}]}}