{"id":247078,"date":"2020-09-04T13:57:26","date_gmt":"2020-09-04T16:57:26","guid":{"rendered":"https:\/\/arthurrosa.com\/?post_type=product&#038;p=247078"},"modified":"2022-04-23T10:27:08","modified_gmt":"2022-04-23T13:27:08","slug":"album-capa-em-linho","status":"publish","type":"product","link":"https:\/\/arthurrosa.com\/es\/produto\/album-capa-em-linho\/","title":{"rendered":"\u00c1lbum Capa em Linho"},"content":{"rendered":"<p>\u00c1lbum em linho puro com qualidade incr\u00edvel de impress\u00e3o. <\/p>\n","protected":false},"excerpt":{"rendered":"<p>Tamanho: 20&#215;20, 25&#215;25 e 30&#215;30.<\/p>\n<p>Quantidade de p\u00e1ginas: 50, com possibilidade de l\u00e2minas extras.<\/p>\n","protected":false},"featured_media":247093,"template":"","meta":{"_acf_changed":false,"_joinchat":[]},"product_brand":[],"product_cat":[360],"product_tag":[1225,2601,1226,2602],"class_list":{"0":"post-247078","1":"product","2":"type-product","3":"status-publish","4":"has-post-thumbnail","6":"product_cat-album","7":"product_tag-album","8":"product_tag-linho","9":"product_tag-livro-de-casamento","10":"product_tag-tecido","12":"first","13":"instock","14":"sale","15":"shipping-taxable","16":"purchasable","17":"product-type-variable","18":"has-default-attributes"},"acf":[],"yoast_head":"<!-- This site is optimized with the Yoast SEO Premium plugin v27.2 (Yoast SEO v27.2) - https:\/\/yoast.com\/product\/yoast-seo-premium-wordpress\/ -->\n<title>\u00c1lbum Capa em Linho - Arthur Rosa - fot\u00f3grafo de casamento<\/title>\n<meta name=\"robots\" content=\"index, follow, max-snippet:-1, max-image-preview:large, max-video-preview:-1\" \/>\n<link rel=\"canonical\" href=\"https:\/\/arthurrosa.com\/es\/produto\/album-capa-em-linho\/\" \/>\n<meta property=\"og:locale\" content=\"es_ES\" \/>\n<meta property=\"og:type\" content=\"article\" \/>\n<meta property=\"og:title\" content=\"\u00c1lbum Capa em Linho\" \/>\n<meta property=\"og:description\" content=\"Tamanho: 20x20, 25x25 e 30x30.  Quantidade de p\u00e1ginas: 50, com possibilidade de l\u00e2minas extras.\" \/>\n<meta property=\"og:url\" content=\"https:\/\/arthurrosa.com\/es\/produto\/album-capa-em-linho\/\" \/>\n<meta property=\"og:site_name\" content=\"Arthur Rosa - fot\u00f3grafo de casamento\" \/>\n<meta property=\"article:publisher\" content=\"https:\/\/www.facebook.com\/ArthurRosa\" \/>\n<meta property=\"article:modified_time\" content=\"2022-04-23T13:27:08+00:00\" \/>\n<meta property=\"og:image\" content=\"https:\/\/arthurrosa.com\/wp-content\/uploads\/2020\/09\/a\u0301lbum-casamento-capa-em-linho-tecido-8.jpg\" \/>\n\t<meta property=\"og:image:width\" content=\"1920\" \/>\n\t<meta property=\"og:image:height\" content=\"1920\" \/>\n\t<meta property=\"og:image:type\" content=\"image\/jpeg\" \/>\n<meta name=\"twitter:card\" content=\"summary_large_image\" \/>\n<meta name=\"twitter:site\" content=\"@ArthurRosaTV\" \/>\n<script type=\"application\/ld+json\" class=\"yoast-schema-graph\">{\"@context\":\"https:\/\/schema.org\",\"@graph\":[{\"@type\":\"WebPage\",\"@id\":\"https:\/\/arthurrosa.com\/es\/produto\/album-capa-em-linho\/\",\"url\":\"https:\/\/arthurrosa.com\/es\/produto\/album-capa-em-linho\/\",\"name\":\"\u00c1lbum Capa em Linho - Arthur Rosa - fot\u00f3grafo de casamento\",\"isPartOf\":{\"@id\":\"https:\/\/arthurrosa.com\/es\/#website\"},\"primaryImageOfPage\":{\"@id\":\"https:\/\/arthurrosa.com\/es\/produto\/album-capa-em-linho\/#primaryimage\"},\"image\":{\"@id\":\"https:\/\/arthurrosa.com\/es\/produto\/album-capa-em-linho\/#primaryimage\"},\"thumbnailUrl\":\"https:\/\/arthurrosa.com\/wp-content\/uploads\/2020\/09\/a\u0301lbum-casamento-capa-em-linho-tecido-8.jpg\",\"datePublished\":\"2020-09-04T16:57:26+00:00\",\"dateModified\":\"2022-04-23T13:27:08+00:00\",\"breadcrumb\":{\"@id\":\"https:\/\/arthurrosa.com\/es\/produto\/album-capa-em-linho\/#breadcrumb\"},\"inLanguage\":\"es\",\"potentialAction\":[{\"@type\":\"ReadAction\",\"target\":[\"https:\/\/arthurrosa.com\/es\/produto\/album-capa-em-linho\/\"]}]},{\"@type\":\"ImageObject\",\"inLanguage\":\"es\",\"@id\":\"https:\/\/arthurrosa.com\/es\/produto\/album-capa-em-linho\/#primaryimage\",\"url\":\"https:\/\/arthurrosa.com\/wp-content\/uploads\/2020\/09\/a\u0301lbum-casamento-capa-em-linho-tecido-8.jpg\",\"contentUrl\":\"https:\/\/arthurrosa.com\/wp-content\/uploads\/2020\/09\/a\u0301lbum-casamento-capa-em-linho-tecido-8.jpg\",\"width\":1920,\"height\":1920},{\"@type\":\"BreadcrumbList\",\"@id\":\"https:\/\/arthurrosa.com\/es\/produto\/album-capa-em-linho\/#breadcrumb\",\"itemListElement\":[{\"@type\":\"ListItem\",\"position\":1,\"name\":\"In\u00edcio\",\"item\":\"https:\/\/arthurrosa.com\/es\/\"},{\"@type\":\"ListItem\",\"position\":2,\"name\":\"Loja\",\"item\":\"https:\/\/arthurrosa.com\/loja\/\"},{\"@type\":\"ListItem\",\"position\":3,\"name\":\"\u00c1lbum Capa em Linho\"}]},{\"@type\":\"WebSite\",\"@id\":\"https:\/\/arthurrosa.com\/es\/#website\",\"url\":\"https:\/\/arthurrosa.com\/es\/\",\"name\":\"Arthur Rosa - fot\u00f3grafo de casamento\",\"description\":\"Fot\u00f3grafo de casamento em Fortaleza-CE, Arthur Rosa \u00e9 um dos mais requisitados fot\u00f3grafos na atualidade.\",\"potentialAction\":[{\"@type\":\"SearchAction\",\"target\":{\"@type\":\"EntryPoint\",\"urlTemplate\":\"https:\/\/arthurrosa.com\/es\/?s={search_term_string}\"},\"query-input\":{\"@type\":\"PropertyValueSpecification\",\"valueRequired\":true,\"valueName\":\"search_term_string\"}}],\"inLanguage\":\"es\"}]}<\/script>\n<!-- \/ Yoast SEO Premium plugin. -->","yoast_head_json":{"title":"\u00c1lbum Capa em Linho - Arthur Rosa - fot\u00f3grafo de casamento","robots":{"index":"index","follow":"follow","max-snippet":"max-snippet:-1","max-image-preview":"max-image-preview:large","max-video-preview":"max-video-preview:-1"},"canonical":"https:\/\/arthurrosa.com\/es\/produto\/album-capa-em-linho\/","og_locale":"es_ES","og_type":"article","og_title":"\u00c1lbum Capa em Linho","og_description":"Tamanho: 20x20, 25x25 e 30x30.  Quantidade de p\u00e1ginas: 50, com possibilidade de l\u00e2minas extras.","og_url":"https:\/\/arthurrosa.com\/es\/produto\/album-capa-em-linho\/","og_site_name":"Arthur Rosa - fot\u00f3grafo de casamento","article_publisher":"https:\/\/www.facebook.com\/ArthurRosa","article_modified_time":"2022-04-23T13:27:08+00:00","og_image":[{"width":1920,"height":1920,"url":"https:\/\/arthurrosa.com\/wp-content\/uploads\/2020\/09\/a\u0301lbum-casamento-capa-em-linho-tecido-8.jpg","type":"image\/jpeg"}],"twitter_card":"summary_large_image","twitter_site":"@ArthurRosaTV","schema":{"@context":"https:\/\/schema.org","@graph":[{"@type":"WebPage","@id":"https:\/\/arthurrosa.com\/es\/produto\/album-capa-em-linho\/","url":"https:\/\/arthurrosa.com\/es\/produto\/album-capa-em-linho\/","name":"\u00c1lbum Capa em Linho - Arthur Rosa - fot\u00f3grafo de casamento","isPartOf":{"@id":"https:\/\/arthurrosa.com\/es\/#website"},"primaryImageOfPage":{"@id":"https:\/\/arthurrosa.com\/es\/produto\/album-capa-em-linho\/#primaryimage"},"image":{"@id":"https:\/\/arthurrosa.com\/es\/produto\/album-capa-em-linho\/#primaryimage"},"thumbnailUrl":"https:\/\/arthurrosa.com\/wp-content\/uploads\/2020\/09\/a\u0301lbum-casamento-capa-em-linho-tecido-8.jpg","datePublished":"2020-09-04T16:57:26+00:00","dateModified":"2022-04-23T13:27:08+00:00","breadcrumb":{"@id":"https:\/\/arthurrosa.com\/es\/produto\/album-capa-em-linho\/#breadcrumb"},"inLanguage":"es","potentialAction":[{"@type":"ReadAction","target":["https:\/\/arthurrosa.com\/es\/produto\/album-capa-em-linho\/"]}]},{"@type":"ImageObject","inLanguage":"es","@id":"https:\/\/arthurrosa.com\/es\/produto\/album-capa-em-linho\/#primaryimage","url":"https:\/\/arthurrosa.com\/wp-content\/uploads\/2020\/09\/a\u0301lbum-casamento-capa-em-linho-tecido-8.jpg","contentUrl":"https:\/\/arthurrosa.com\/wp-content\/uploads\/2020\/09\/a\u0301lbum-casamento-capa-em-linho-tecido-8.jpg","width":1920,"height":1920},{"@type":"BreadcrumbList","@id":"https:\/\/arthurrosa.com\/es\/produto\/album-capa-em-linho\/#breadcrumb","itemListElement":[{"@type":"ListItem","position":1,"name":"In\u00edcio","item":"https:\/\/arthurrosa.com\/es\/"},{"@type":"ListItem","position":2,"name":"Loja","item":"https:\/\/arthurrosa.com\/loja\/"},{"@type":"ListItem","position":3,"name":"\u00c1lbum Capa em Linho"}]},{"@type":"WebSite","@id":"https:\/\/arthurrosa.com\/es\/#website","url":"https:\/\/arthurrosa.com\/es\/","name":"Arthur Rosa - fot\u00f3grafo de casamento","description":"Fot\u00f3grafo de casamento em Fortaleza-CE, Arthur Rosa \u00e9 um dos mais requisitados fot\u00f3grafos na atualidade.","potentialAction":[{"@type":"SearchAction","target":{"@type":"EntryPoint","urlTemplate":"https:\/\/arthurrosa.com\/es\/?s={search_term_string}"},"query-input":{"@type":"PropertyValueSpecification","valueRequired":true,"valueName":"search_term_string"}}],"inLanguage":"es"}]}},"_links":{"self":[{"href":"https:\/\/arthurrosa.com\/es\/wp-json\/wp\/v2\/product\/247078","targetHints":{"allow":["GET"]}}],"collection":[{"href":"https:\/\/arthurrosa.com\/es\/wp-json\/wp\/v2\/product"}],"about":[{"href":"https:\/\/arthurrosa.com\/es\/wp-json\/wp\/v2\/types\/product"}],"wp:featuredmedia":[{"embeddable":true,"href":"https:\/\/arthurrosa.com\/es\/wp-json\/wp\/v2\/media\/247093"}],"wp:attachment":[{"href":"https:\/\/arthurrosa.com\/es\/wp-json\/wp\/v2\/media?parent=247078"}],"wp:term":[{"taxonomy":"product_brand","embeddable":true,"href":"https:\/\/arthurrosa.com\/es\/wp-json\/wp\/v2\/product_brand?post=247078"},{"taxonomy":"product_cat","embeddable":true,"href":"https:\/\/arthurrosa.com\/es\/wp-json\/wp\/v2\/product_cat?post=247078"},{"taxonomy":"product_tag","embeddable":true,"href":"https:\/\/arthurrosa.com\/es\/wp-json\/wp\/v2\/product_tag?post=247078"}],"curies":[{"name":"wp","href":"https:\/\/api.w.org\/{rel}","templated":true}]}}