{"id":243943,"date":"2018-03-08T20:44:23","date_gmt":"2018-03-08T23:44:23","guid":{"rendered":"https:\/\/arthurrosa.com\/?post_type=product&#038;p=243943"},"modified":"2026-01-22T10:11:33","modified_gmt":"2026-01-22T13:11:33","slug":"pack-presets","status":"publish","type":"product","link":"https:\/\/arthurrosa.com\/es\/produto\/pack-presets\/","title":{"rendered":"Pack de Presets &#8211; Adobe Lightroom Classic CC"},"content":{"rendered":"<p>Presets feitos para fotos em RAW de qualquer marca de c\u00e2mera.<br \/>\nPequenos ajustes de exposi\u00e7\u00e3o e balan\u00e7o de brando podem ser necess\u00e1rios para alcan\u00e7ar melhores resultados.<br \/>\nLink para download enviado por e-mail ap\u00f3s pagamento.<br \/>\nN\u00e3o aceitamos devolu\u00e7\u00e3o.<br \/>\nLimite de 5 downloads por compra.<br \/>\nAt\u00e9 120 dias para baixar e salvar em seu computador.<\/p>\n","protected":false},"excerpt":{"rendered":"<p>Presets que uso h\u00e1 anos dispon\u00edveis:<\/p>\n<p><strong>Just Set The Tone<\/strong><\/p>\n<p><strong>Good For The Night<\/strong><\/p>\n<p><strong>For That Nice Sunset<\/strong><\/p>\n<p><strong>DUMBO<\/strong><\/p>\n<p><strong>Jeri \u00e9 Jeri<\/strong><\/p>\n<p><strong><strong><strong>Praia do Futuro<\/strong><\/strong><\/strong><\/p>\n<p><strong><strong><strong>That Cute Little Cat<\/strong><\/strong><\/strong><\/p>\n<p><strong><strong><strong>Shades of Rome<\/strong><\/strong><\/strong><\/p>\n<p><strong><strong><strong>When The Light Sucks<\/strong><\/strong><\/strong><\/p>\n","protected":false},"featured_media":245451,"template":"","meta":{"_acf_changed":false,"_joinchat":[]},"product_brand":[],"product_cat":[1242],"product_tag":[],"class_list":{"0":"post-243943","1":"product","2":"type-product","3":"status-publish","4":"has-post-thumbnail","6":"product_cat-fotografos","8":"first","9":"instock","10":"sale","11":"downloadable","12":"virtual","13":"sold-individually","14":"purchasable","15":"product-type-simple"},"acf":[],"yoast_head":"<!-- This site is optimized with the Yoast SEO Premium plugin v27.2 (Yoast SEO v27.2) - https:\/\/yoast.com\/product\/yoast-seo-premium-wordpress\/ -->\n<title>Presets Lightroom Classic CC - Arthur Rosa<\/title>\n<meta name=\"description\" content=\"Compre agora mesmo nosso pack de presets exclusivos. Voc\u00ea poder\u00e1 editar facilmente suas fotos no Lightroom com poucos cliques.\" \/>\n<meta name=\"robots\" content=\"index, follow, max-snippet:-1, max-image-preview:large, max-video-preview:-1\" \/>\n<link rel=\"canonical\" href=\"https:\/\/arthurrosa.com\/es\/produto\/pack-presets\/\" \/>\n<meta property=\"og:locale\" content=\"es_ES\" \/>\n<meta property=\"og:type\" content=\"article\" \/>\n<meta property=\"og:title\" content=\"Pack de Presets - Adobe Lightroom Classic CC\" \/>\n<meta property=\"og:description\" content=\"Compre agora mesmo nosso pack de presets exclusivos. Voc\u00ea poder\u00e1 editar facilmente suas fotos no Lightroom com poucos cliques.\" \/>\n<meta property=\"og:url\" content=\"https:\/\/arthurrosa.com\/es\/produto\/pack-presets\/\" \/>\n<meta property=\"og:site_name\" content=\"Arthur Rosa - fot\u00f3grafo de casamento\" \/>\n<meta property=\"article:publisher\" content=\"https:\/\/www.facebook.com\/ArthurRosa\" \/>\n<meta property=\"article:modified_time\" content=\"2026-01-22T13:11:33+00:00\" \/>\n<meta property=\"og:image\" content=\"https:\/\/arthurrosa.com\/wp-content\/uploads\/2018\/03\/casamento-aquiraz-riviera-44.jpg\" \/>\n\t<meta property=\"og:image:width\" content=\"1800\" \/>\n\t<meta property=\"og:image:height\" content=\"1013\" \/>\n\t<meta property=\"og:image:type\" content=\"image\/jpeg\" \/>\n<meta name=\"twitter:card\" content=\"summary_large_image\" \/>\n<meta name=\"twitter:site\" content=\"@ArthurRosaTV\" \/>\n<meta name=\"twitter:label1\" content=\"Tiempo de lectura\" \/>\n\t<meta name=\"twitter:data1\" content=\"1 minuto\" \/>\n<script type=\"application\/ld+json\" class=\"yoast-schema-graph\">{\"@context\":\"https:\/\/schema.org\",\"@graph\":[{\"@type\":\"WebPage\",\"@id\":\"https:\/\/arthurrosa.com\/es\/produto\/pack-presets\/\",\"url\":\"https:\/\/arthurrosa.com\/es\/produto\/pack-presets\/\",\"name\":\"Presets Lightroom Classic CC - Arthur Rosa\",\"isPartOf\":{\"@id\":\"https:\/\/arthurrosa.com\/es\/#website\"},\"primaryImageOfPage\":{\"@id\":\"https:\/\/arthurrosa.com\/es\/produto\/pack-presets\/#primaryimage\"},\"image\":{\"@id\":\"https:\/\/arthurrosa.com\/es\/produto\/pack-presets\/#primaryimage\"},\"thumbnailUrl\":\"https:\/\/arthurrosa.com\/wp-content\/uploads\/2019\/05\/preset-lightroom-1.jpg\",\"datePublished\":\"2018-03-08T23:44:23+00:00\",\"dateModified\":\"2026-01-22T13:11:33+00:00\",\"description\":\"Compre agora mesmo nosso pack de presets exclusivos. Voc\u00ea poder\u00e1 editar facilmente suas fotos no Lightroom com poucos cliques.\",\"breadcrumb\":{\"@id\":\"https:\/\/arthurrosa.com\/es\/produto\/pack-presets\/#breadcrumb\"},\"inLanguage\":\"es\",\"potentialAction\":[{\"@type\":\"ReadAction\",\"target\":[\"https:\/\/arthurrosa.com\/es\/produto\/pack-presets\/\"]}]},{\"@type\":\"ImageObject\",\"inLanguage\":\"es\",\"@id\":\"https:\/\/arthurrosa.com\/es\/produto\/pack-presets\/#primaryimage\",\"url\":\"https:\/\/arthurrosa.com\/wp-content\/uploads\/2019\/05\/preset-lightroom-1.jpg\",\"contentUrl\":\"https:\/\/arthurrosa.com\/wp-content\/uploads\/2019\/05\/preset-lightroom-1.jpg\",\"width\":2048,\"height\":1366,\"caption\":\"presets lightroom\"},{\"@type\":\"BreadcrumbList\",\"@id\":\"https:\/\/arthurrosa.com\/es\/produto\/pack-presets\/#breadcrumb\",\"itemListElement\":[{\"@type\":\"ListItem\",\"position\":1,\"name\":\"In\u00edcio\",\"item\":\"https:\/\/arthurrosa.com\/es\/\"},{\"@type\":\"ListItem\",\"position\":2,\"name\":\"Loja\",\"item\":\"https:\/\/arthurrosa.com\/loja\/\"},{\"@type\":\"ListItem\",\"position\":3,\"name\":\"Pack de Presets &#8211; Adobe Lightroom Classic CC\"}]},{\"@type\":\"WebSite\",\"@id\":\"https:\/\/arthurrosa.com\/es\/#website\",\"url\":\"https:\/\/arthurrosa.com\/es\/\",\"name\":\"Arthur Rosa - fot\u00f3grafo de casamento\",\"description\":\"Fot\u00f3grafo de casamento em Fortaleza-CE, Arthur Rosa \u00e9 um dos mais requisitados fot\u00f3grafos na atualidade.\",\"potentialAction\":[{\"@type\":\"SearchAction\",\"target\":{\"@type\":\"EntryPoint\",\"urlTemplate\":\"https:\/\/arthurrosa.com\/es\/?s={search_term_string}\"},\"query-input\":{\"@type\":\"PropertyValueSpecification\",\"valueRequired\":true,\"valueName\":\"search_term_string\"}}],\"inLanguage\":\"es\"}]}<\/script>\n<!-- \/ Yoast SEO Premium plugin. -->","yoast_head_json":{"title":"Presets Lightroom Classic CC - Arthur Rosa","description":"Compre agora mesmo nosso pack de presets exclusivos. Voc\u00ea poder\u00e1 editar facilmente suas fotos no Lightroom com poucos cliques.","robots":{"index":"index","follow":"follow","max-snippet":"max-snippet:-1","max-image-preview":"max-image-preview:large","max-video-preview":"max-video-preview:-1"},"canonical":"https:\/\/arthurrosa.com\/es\/produto\/pack-presets\/","og_locale":"es_ES","og_type":"article","og_title":"Pack de Presets - Adobe Lightroom Classic CC","og_description":"Compre agora mesmo nosso pack de presets exclusivos. Voc\u00ea poder\u00e1 editar facilmente suas fotos no Lightroom com poucos cliques.","og_url":"https:\/\/arthurrosa.com\/es\/produto\/pack-presets\/","og_site_name":"Arthur Rosa - fot\u00f3grafo de casamento","article_publisher":"https:\/\/www.facebook.com\/ArthurRosa","article_modified_time":"2026-01-22T13:11:33+00:00","og_image":[{"width":1800,"height":1013,"url":"https:\/\/arthurrosa.com\/wp-content\/uploads\/2018\/03\/casamento-aquiraz-riviera-44.jpg","type":"image\/jpeg"}],"twitter_card":"summary_large_image","twitter_site":"@ArthurRosaTV","twitter_misc":{"Tiempo de lectura":"1 minuto"},"schema":{"@context":"https:\/\/schema.org","@graph":[{"@type":"WebPage","@id":"https:\/\/arthurrosa.com\/es\/produto\/pack-presets\/","url":"https:\/\/arthurrosa.com\/es\/produto\/pack-presets\/","name":"Presets Lightroom Classic CC - Arthur Rosa","isPartOf":{"@id":"https:\/\/arthurrosa.com\/es\/#website"},"primaryImageOfPage":{"@id":"https:\/\/arthurrosa.com\/es\/produto\/pack-presets\/#primaryimage"},"image":{"@id":"https:\/\/arthurrosa.com\/es\/produto\/pack-presets\/#primaryimage"},"thumbnailUrl":"https:\/\/arthurrosa.com\/wp-content\/uploads\/2019\/05\/preset-lightroom-1.jpg","datePublished":"2018-03-08T23:44:23+00:00","dateModified":"2026-01-22T13:11:33+00:00","description":"Compre agora mesmo nosso pack de presets exclusivos. Voc\u00ea poder\u00e1 editar facilmente suas fotos no Lightroom com poucos cliques.","breadcrumb":{"@id":"https:\/\/arthurrosa.com\/es\/produto\/pack-presets\/#breadcrumb"},"inLanguage":"es","potentialAction":[{"@type":"ReadAction","target":["https:\/\/arthurrosa.com\/es\/produto\/pack-presets\/"]}]},{"@type":"ImageObject","inLanguage":"es","@id":"https:\/\/arthurrosa.com\/es\/produto\/pack-presets\/#primaryimage","url":"https:\/\/arthurrosa.com\/wp-content\/uploads\/2019\/05\/preset-lightroom-1.jpg","contentUrl":"https:\/\/arthurrosa.com\/wp-content\/uploads\/2019\/05\/preset-lightroom-1.jpg","width":2048,"height":1366,"caption":"presets lightroom"},{"@type":"BreadcrumbList","@id":"https:\/\/arthurrosa.com\/es\/produto\/pack-presets\/#breadcrumb","itemListElement":[{"@type":"ListItem","position":1,"name":"In\u00edcio","item":"https:\/\/arthurrosa.com\/es\/"},{"@type":"ListItem","position":2,"name":"Loja","item":"https:\/\/arthurrosa.com\/loja\/"},{"@type":"ListItem","position":3,"name":"Pack de Presets &#8211; Adobe Lightroom Classic CC"}]},{"@type":"WebSite","@id":"https:\/\/arthurrosa.com\/es\/#website","url":"https:\/\/arthurrosa.com\/es\/","name":"Arthur Rosa - fot\u00f3grafo de casamento","description":"Fot\u00f3grafo de casamento em Fortaleza-CE, Arthur Rosa \u00e9 um dos mais requisitados fot\u00f3grafos na atualidade.","potentialAction":[{"@type":"SearchAction","target":{"@type":"EntryPoint","urlTemplate":"https:\/\/arthurrosa.com\/es\/?s={search_term_string}"},"query-input":{"@type":"PropertyValueSpecification","valueRequired":true,"valueName":"search_term_string"}}],"inLanguage":"es"}]}},"_links":{"self":[{"href":"https:\/\/arthurrosa.com\/es\/wp-json\/wp\/v2\/product\/243943","targetHints":{"allow":["GET"]}}],"collection":[{"href":"https:\/\/arthurrosa.com\/es\/wp-json\/wp\/v2\/product"}],"about":[{"href":"https:\/\/arthurrosa.com\/es\/wp-json\/wp\/v2\/types\/product"}],"wp:featuredmedia":[{"embeddable":true,"href":"https:\/\/arthurrosa.com\/es\/wp-json\/wp\/v2\/media\/245451"}],"wp:attachment":[{"href":"https:\/\/arthurrosa.com\/es\/wp-json\/wp\/v2\/media?parent=243943"}],"wp:term":[{"taxonomy":"product_brand","embeddable":true,"href":"https:\/\/arthurrosa.com\/es\/wp-json\/wp\/v2\/product_brand?post=243943"},{"taxonomy":"product_cat","embeddable":true,"href":"https:\/\/arthurrosa.com\/es\/wp-json\/wp\/v2\/product_cat?post=243943"},{"taxonomy":"product_tag","embeddable":true,"href":"https:\/\/arthurrosa.com\/es\/wp-json\/wp\/v2\/product_tag?post=243943"}],"curies":[{"name":"wp","href":"https:\/\/api.w.org\/{rel}","templated":true}]}}