{"id":22371,"date":"2016-08-01T12:08:00","date_gmt":"2016-08-01T15:08:00","guid":{"rendered":"https:\/\/arthurrosa.com\/?post_type=product&#038;p=22371"},"modified":"2022-01-21T13:45:35","modified_gmt":"2022-01-21T16:45:35","slug":"lamina-extra","status":"publish","type":"product","link":"https:\/\/arthurrosa.com\/es\/produto\/lamina-extra\/","title":{"rendered":"L\u00e2mina Extra"},"content":{"rendered":"<p>Adicione l\u00e2minas extras ao seu \u00e1lbum e n\u00e3o deixe nenhuma mem\u00f3ria importante de fora.<br \/>\nEscolha o tamanho correspondente ao seu \u00e1lbum.<\/p>\n","protected":false},"excerpt":{"rendered":"<p>Adicione l\u00e2minas extras ao seu \u00e1lbum e n\u00e3o deixe nenhuma mem\u00f3ria importante de fora. Escolha o tamanho correspondente ao seu \u00e1lbum.<\/p>\n","protected":false},"featured_media":247079,"template":"","meta":{"_acf_changed":false,"_joinchat":[]},"product_brand":[],"product_cat":[360,352],"product_tag":[],"class_list":{"0":"post-22371","1":"product","2":"type-product","3":"status-publish","4":"has-post-thumbnail","6":"product_cat-album","7":"product_cat-produtos","9":"first","10":"instock","11":"shipping-taxable","12":"purchasable","13":"product-type-variable"},"acf":[],"yoast_head":"<!-- This site is optimized with the Yoast SEO Premium plugin v27.2 (Yoast SEO v27.2) - https:\/\/yoast.com\/product\/yoast-seo-premium-wordpress\/ -->\n<title>L\u00e2mina Extra - Arthur Rosa - fot\u00f3grafo de casamento<\/title>\n<meta name=\"robots\" content=\"index, follow, max-snippet:-1, max-image-preview:large, max-video-preview:-1\" \/>\n<link rel=\"canonical\" href=\"https:\/\/arthurrosa.com\/es\/produto\/lamina-extra\/\" \/>\n<meta property=\"og:locale\" content=\"es_ES\" \/>\n<meta property=\"og:type\" content=\"article\" \/>\n<meta property=\"og:title\" content=\"L\u00e2mina Extra\" \/>\n<meta property=\"og:description\" content=\"Adicione l\u00e2minas extras ao seu \u00e1lbum e n\u00e3o deixe nenhuma mem\u00f3ria importante de fora. Escolha o tamanho correspondente ao seu \u00e1lbum.\" \/>\n<meta property=\"og:url\" content=\"https:\/\/arthurrosa.com\/es\/produto\/lamina-extra\/\" \/>\n<meta property=\"og:site_name\" content=\"Arthur Rosa - fot\u00f3grafo de casamento\" \/>\n<meta property=\"article:publisher\" content=\"https:\/\/www.facebook.com\/ArthurRosa\" \/>\n<meta property=\"article:modified_time\" content=\"2022-01-21T16:45:35+00:00\" \/>\n<meta property=\"og:image\" content=\"https:\/\/arthurrosa.com\/wp-content\/uploads\/2020\/09\/a\u0301lbum-casamento-capa-em-linho-tecido-4.jpg\" \/>\n\t<meta property=\"og:image:width\" content=\"1920\" \/>\n\t<meta property=\"og:image:height\" content=\"1920\" \/>\n\t<meta property=\"og:image:type\" content=\"image\/jpeg\" \/>\n<meta name=\"twitter:card\" content=\"summary_large_image\" \/>\n<meta name=\"twitter:site\" content=\"@ArthurRosaTV\" \/>\n<script type=\"application\/ld+json\" class=\"yoast-schema-graph\">{\"@context\":\"https:\/\/schema.org\",\"@graph\":[{\"@type\":\"WebPage\",\"@id\":\"https:\/\/arthurrosa.com\/es\/produto\/lamina-extra\/\",\"url\":\"https:\/\/arthurrosa.com\/es\/produto\/lamina-extra\/\",\"name\":\"L\u00e2mina Extra - Arthur Rosa - fot\u00f3grafo de casamento\",\"isPartOf\":{\"@id\":\"https:\/\/arthurrosa.com\/es\/#website\"},\"primaryImageOfPage\":{\"@id\":\"https:\/\/arthurrosa.com\/es\/produto\/lamina-extra\/#primaryimage\"},\"image\":{\"@id\":\"https:\/\/arthurrosa.com\/es\/produto\/lamina-extra\/#primaryimage\"},\"thumbnailUrl\":\"https:\/\/arthurrosa.com\/wp-content\/uploads\/2020\/09\/a\u0301lbum-casamento-capa-em-linho-tecido-4.jpg\",\"datePublished\":\"2016-08-01T15:08:00+00:00\",\"dateModified\":\"2022-01-21T16:45:35+00:00\",\"breadcrumb\":{\"@id\":\"https:\/\/arthurrosa.com\/es\/produto\/lamina-extra\/#breadcrumb\"},\"inLanguage\":\"es\",\"potentialAction\":[{\"@type\":\"ReadAction\",\"target\":[\"https:\/\/arthurrosa.com\/es\/produto\/lamina-extra\/\"]}]},{\"@type\":\"ImageObject\",\"inLanguage\":\"es\",\"@id\":\"https:\/\/arthurrosa.com\/es\/produto\/lamina-extra\/#primaryimage\",\"url\":\"https:\/\/arthurrosa.com\/wp-content\/uploads\/2020\/09\/a\u0301lbum-casamento-capa-em-linho-tecido-4.jpg\",\"contentUrl\":\"https:\/\/arthurrosa.com\/wp-content\/uploads\/2020\/09\/a\u0301lbum-casamento-capa-em-linho-tecido-4.jpg\",\"width\":1920,\"height\":1920},{\"@type\":\"BreadcrumbList\",\"@id\":\"https:\/\/arthurrosa.com\/es\/produto\/lamina-extra\/#breadcrumb\",\"itemListElement\":[{\"@type\":\"ListItem\",\"position\":1,\"name\":\"In\u00edcio\",\"item\":\"https:\/\/arthurrosa.com\/es\/\"},{\"@type\":\"ListItem\",\"position\":2,\"name\":\"Loja\",\"item\":\"https:\/\/arthurrosa.com\/loja\/\"},{\"@type\":\"ListItem\",\"position\":3,\"name\":\"L\u00e2mina Extra\"}]},{\"@type\":\"WebSite\",\"@id\":\"https:\/\/arthurrosa.com\/es\/#website\",\"url\":\"https:\/\/arthurrosa.com\/es\/\",\"name\":\"Arthur Rosa - fot\u00f3grafo de casamento\",\"description\":\"Fot\u00f3grafo de casamento em Fortaleza-CE, Arthur Rosa \u00e9 um dos mais requisitados fot\u00f3grafos na atualidade.\",\"potentialAction\":[{\"@type\":\"SearchAction\",\"target\":{\"@type\":\"EntryPoint\",\"urlTemplate\":\"https:\/\/arthurrosa.com\/es\/?s={search_term_string}\"},\"query-input\":{\"@type\":\"PropertyValueSpecification\",\"valueRequired\":true,\"valueName\":\"search_term_string\"}}],\"inLanguage\":\"es\"}]}<\/script>\n<!-- \/ Yoast SEO Premium plugin. -->","yoast_head_json":{"title":"L\u00e2mina Extra - Arthur Rosa - fot\u00f3grafo de casamento","robots":{"index":"index","follow":"follow","max-snippet":"max-snippet:-1","max-image-preview":"max-image-preview:large","max-video-preview":"max-video-preview:-1"},"canonical":"https:\/\/arthurrosa.com\/es\/produto\/lamina-extra\/","og_locale":"es_ES","og_type":"article","og_title":"L\u00e2mina Extra","og_description":"Adicione l\u00e2minas extras ao seu \u00e1lbum e n\u00e3o deixe nenhuma mem\u00f3ria importante de fora. Escolha o tamanho correspondente ao seu \u00e1lbum.","og_url":"https:\/\/arthurrosa.com\/es\/produto\/lamina-extra\/","og_site_name":"Arthur Rosa - fot\u00f3grafo de casamento","article_publisher":"https:\/\/www.facebook.com\/ArthurRosa","article_modified_time":"2022-01-21T16:45:35+00:00","og_image":[{"width":1920,"height":1920,"url":"https:\/\/arthurrosa.com\/wp-content\/uploads\/2020\/09\/a\u0301lbum-casamento-capa-em-linho-tecido-4.jpg","type":"image\/jpeg"}],"twitter_card":"summary_large_image","twitter_site":"@ArthurRosaTV","schema":{"@context":"https:\/\/schema.org","@graph":[{"@type":"WebPage","@id":"https:\/\/arthurrosa.com\/es\/produto\/lamina-extra\/","url":"https:\/\/arthurrosa.com\/es\/produto\/lamina-extra\/","name":"L\u00e2mina Extra - Arthur Rosa - fot\u00f3grafo de casamento","isPartOf":{"@id":"https:\/\/arthurrosa.com\/es\/#website"},"primaryImageOfPage":{"@id":"https:\/\/arthurrosa.com\/es\/produto\/lamina-extra\/#primaryimage"},"image":{"@id":"https:\/\/arthurrosa.com\/es\/produto\/lamina-extra\/#primaryimage"},"thumbnailUrl":"https:\/\/arthurrosa.com\/wp-content\/uploads\/2020\/09\/a\u0301lbum-casamento-capa-em-linho-tecido-4.jpg","datePublished":"2016-08-01T15:08:00+00:00","dateModified":"2022-01-21T16:45:35+00:00","breadcrumb":{"@id":"https:\/\/arthurrosa.com\/es\/produto\/lamina-extra\/#breadcrumb"},"inLanguage":"es","potentialAction":[{"@type":"ReadAction","target":["https:\/\/arthurrosa.com\/es\/produto\/lamina-extra\/"]}]},{"@type":"ImageObject","inLanguage":"es","@id":"https:\/\/arthurrosa.com\/es\/produto\/lamina-extra\/#primaryimage","url":"https:\/\/arthurrosa.com\/wp-content\/uploads\/2020\/09\/a\u0301lbum-casamento-capa-em-linho-tecido-4.jpg","contentUrl":"https:\/\/arthurrosa.com\/wp-content\/uploads\/2020\/09\/a\u0301lbum-casamento-capa-em-linho-tecido-4.jpg","width":1920,"height":1920},{"@type":"BreadcrumbList","@id":"https:\/\/arthurrosa.com\/es\/produto\/lamina-extra\/#breadcrumb","itemListElement":[{"@type":"ListItem","position":1,"name":"In\u00edcio","item":"https:\/\/arthurrosa.com\/es\/"},{"@type":"ListItem","position":2,"name":"Loja","item":"https:\/\/arthurrosa.com\/loja\/"},{"@type":"ListItem","position":3,"name":"L\u00e2mina Extra"}]},{"@type":"WebSite","@id":"https:\/\/arthurrosa.com\/es\/#website","url":"https:\/\/arthurrosa.com\/es\/","name":"Arthur Rosa - fot\u00f3grafo de casamento","description":"Fot\u00f3grafo de casamento em Fortaleza-CE, Arthur Rosa \u00e9 um dos mais requisitados fot\u00f3grafos na atualidade.","potentialAction":[{"@type":"SearchAction","target":{"@type":"EntryPoint","urlTemplate":"https:\/\/arthurrosa.com\/es\/?s={search_term_string}"},"query-input":{"@type":"PropertyValueSpecification","valueRequired":true,"valueName":"search_term_string"}}],"inLanguage":"es"}]}},"_links":{"self":[{"href":"https:\/\/arthurrosa.com\/es\/wp-json\/wp\/v2\/product\/22371","targetHints":{"allow":["GET"]}}],"collection":[{"href":"https:\/\/arthurrosa.com\/es\/wp-json\/wp\/v2\/product"}],"about":[{"href":"https:\/\/arthurrosa.com\/es\/wp-json\/wp\/v2\/types\/product"}],"wp:featuredmedia":[{"embeddable":true,"href":"https:\/\/arthurrosa.com\/es\/wp-json\/wp\/v2\/media\/247079"}],"wp:attachment":[{"href":"https:\/\/arthurrosa.com\/es\/wp-json\/wp\/v2\/media?parent=22371"}],"wp:term":[{"taxonomy":"product_brand","embeddable":true,"href":"https:\/\/arthurrosa.com\/es\/wp-json\/wp\/v2\/product_brand?post=22371"},{"taxonomy":"product_cat","embeddable":true,"href":"https:\/\/arthurrosa.com\/es\/wp-json\/wp\/v2\/product_cat?post=22371"},{"taxonomy":"product_tag","embeddable":true,"href":"https:\/\/arthurrosa.com\/es\/wp-json\/wp\/v2\/product_tag?post=22371"}],"curies":[{"name":"wp","href":"https:\/\/api.w.org\/{rel}","templated":true}]}}