{"id":268419,"date":"2026-01-20T09:39:52","date_gmt":"2026-01-20T12:39:52","guid":{"rendered":"https:\/\/arthurrosa.com\/blog\/"},"modified":"2026-01-20T09:53:09","modified_gmt":"2026-01-20T12:53:09","slug":"blog","status":"publish","type":"page","link":"https:\/\/arthurrosa.com\/es\/blog\/","title":{"rendered":"Blog de Fotograf\u00eda de Bodas e Inspiraci\u00f3n &#8211; Arthur Rosa"},"content":{"rendered":"<div>\n<p>DESTACADO DEL D\u00cdA \ud83d\udd25<\/p>\n<\/div>\n<div>\n<\/div>\n<p><!--more--><br \/>\n<!-- {\"type\":\"layout\",\"children\":[{\"type\":\"section\",\"props\":{\"header_transparent\":true,\"header_transparent_noplaceholder\":true,\"header_transparent_text_color\":\"light\",\"image_loading\":true,\"image_position\":\"top-center\",\"image_size\":\"cover\",\"image_width\":\"1920\",\"media_overlay\":\"rgba(0, 0, 0, 0.45)\",\"padding\":\"xsmall\",\"padding_remove_bottom\":true,\"padding_remove_top\":true,\"style\":\"default\",\"text_color\":\"light\",\"title_breakpoint\":\"l\",\"title_position\":\"center-left\",\"title_rotation\":\"left\",\"vertical_align\":\"\",\"width\":\"\"},\"children\":[{\"type\":\"row\",\"props\":{\"margin_remove_bottom\":false},\"children\":[{\"type\":\"column\",\"props\":{\"image_position\":\"center-center\",\"position_sticky_breakpoint\":\"m\",\"width_medium\":\"1-1\"},\"children\":[{\"name\":\"Slideshow Viewport Height Content Left\",\"type\":\"slideshow\",\"children\":[{\"type\":\"slideshow_item\",\"props\":{\"media_overlay\":\"rgba(0, 0, 0, 0.54)\",\"meta\":\"DESTACADO DEL D\\u00cdA \\ud83d\\udd25\"},\"source\":{\"query\":{\"name\":\"posts.customPosts\",\"arguments\":{\"terms\":[32,396,66],\"category_operator\":\"IN\",\"post_tag_operator\":\"IN\",\"users\":[],\"users_operator\":\"IN\",\"offset\":0,\"limit\":3,\"order\":\"date\",\"order_direction\":\"daily\"}},\"props\":{\"image\":{\"filters\":{\"search\":\"\"},\"name\":\"featuredImage.url\"},\"title\":{\"filters\":{\"search\":\"\"},\"name\":\"title\"},\"content\":{\"filters\":{\"search\":\"\",\"limit\":120},\"arguments\":{\"show_intro_text\":true},\"name\":\"content\",\"implode\":{\"join\":\"after\",\"glue\":\", \"}},\"link\":{\"filters\":{\"search\":\"\"},\"name\":\"link\"},\"image_alt\":{\"filters\":{\"search\":\"\"},\"name\":\"title\"}}}}],\"props\":{\"image_width\":\"1920\",\"link_margin\":\"small\",\"link_size\":\"small\",\"link_style\":\"primary\",\"link_text\":\"VER GALER\\u00cdA\",\"margin\":\"default\",\"meta_align\":\"above-title\",\"meta_element\":\"div\",\"meta_style\":\"h5\",\"nav\":\"thumbnav\",\"nav_align\":\"center\",\"nav_below\":false,\"nav_breakpoint\":\"\",\"nav_position\":\"bottom-center\",\"nav_position_margin\":\"medium\",\"nav_vertical\":false,\"overlay_animation\":\"parallax\",\"overlay_container\":\"default\",\"overlay_position\":\"center-left\",\"overlay_width\":\"large\",\"show_content\":true,\"show_link\":true,\"show_meta\":true,\"show_thumbnail\":true,\"show_title\":true,\"slidenav\":\"default\",\"slidenav_breakpoint\":\"m\",\"slidenav_hover\":true,\"slidenav_large\":true,\"slidenav_margin\":\"medium\",\"slidenav_outside_breakpoint\":\"xl\",\"slideshow_animation\":\"fade\",\"slideshow_autoplay\":true,\"slideshow_autoplay_pause\":false,\"slideshow_height_offset_top\":true,\"slideshow_height_viewport\":600,\"slideshow_max_height\":\"650\",\"slideshow_min_height\":\"500\",\"slideshow_parallax\":false,\"slideshow_ratio\":\"10:4\",\"slideshow_velocity\":0.6,\"text_align\":\"left\",\"text_align_fallback\":\"center\",\"text_color\":\"light\",\"thumbnav_height\":\"50\",\"thumbnav_nowrap\":true,\"thumbnav_svg_color\":\"emphasis\",\"thumbnav_width\":\"75\",\"title_element\":\"h2\",\"title_hover_style\":\"reset\",\"title_style\":\"h2\"}}]}]}],\"name\":\"Hero\"},{\"type\":\"section\",\"props\":{\"image_position\":\"center-center\",\"padding\":\"xsmall\",\"padding_remove_bottom\":false,\"padding_remove_top\":false,\"style\":\"default\",\"title_breakpoint\":\"xl\",\"title_position\":\"top-left\",\"title_rotation\":\"left\",\"vertical_align\":\"\",\"width\":\"large\"},\"children\":[{\"type\":\"row\",\"props\":{\"margin\":\"xlarge\",\"margin_remove_bottom\":true,\"width\":\"default\"},\"children\":[{\"type\":\"column\",\"props\":{\"image_position\":\"center-center\",\"position_sticky_breakpoint\":\"m\"},\"children\":[{\"type\":\"grid\",\"props\":{\"content_align\":false,\"content_column_breakpoint\":\"m\",\"content_margin\":\"medium\",\"content_style\":\"text-small\",\"filter\":true,\"filter_align\":\"left\",\"filter_all\":true,\"filter_all_label\":\"Todos\",\"filter_grid_breakpoint\":\"m\",\"filter_grid_width\":\"auto\",\"filter_position\":\"top\",\"filter_style\":\"subnav-pill\",\"grid_default\":\"1\",\"grid_medium\":\"3\",\"grid_small\":\"2\",\"icon_width\":80,\"image_align\":\"top\",\"image_grid_breakpoint\":\"m\",\"image_grid_width\":\"1-2\",\"image_height\":\"340\",\"image_link\":false,\"image_svg_color\":\"emphasis\",\"image_width\":\"610\",\"item_animation\":true,\"lightbox_bg_close\":true,\"link_style\":\"text\",\"link_text\":\"Read More\",\"margin\":\"large\",\"meta_align\":\"above-title\",\"meta_color\":\"muted\",\"meta_element\":\"h3\",\"meta_style\":\"h6\",\"panel_content_width\":\"small\",\"panel_image_no_padding\":true,\"panel_link\":true,\"panel_link_hover\":\"true\",\"panel_padding\":\"default\",\"panel_style\":\"card-default\",\"parallax_easing\":\"1\",\"show_content\":true,\"show_hover_image\":true,\"show_hover_video\":true,\"show_image\":true,\"show_link\":true,\"show_meta\":true,\"show_title\":true,\"show_video\":true,\"text_align\":\"center\",\"title_align\":\"top\",\"title_element\":\"h2\",\"title_grid_breakpoint\":\"m\",\"title_grid_width\":\"1-2\",\"title_hover_style\":\"reset\",\"title_link\":false,\"title_style\":\"h3\"},\"children\":[{\"type\":\"grid_item\",\"props\":{\"link_text\":\"VER GALER\\u00cdA\"},\"source\":{\"props\":{\"title\":{\"filters\":{\"search\":\"\"},\"name\":\"title\"},\"meta\":{\"filters\":{\"search\":\"\"},\"name\":\"field.local\"},\"image\":{\"filters\":{\"search\":\"\"},\"name\":\"featuredImage.url\"},\"link\":{\"filters\":{\"search\":\"\"},\"name\":\"link\"},\"image_alt\":{\"filters\":{\"search\":\"\"},\"name\":\"title\"},\"tags\":{\"filters\":{\"search\":\"\"},\"arguments\":{\"separator\":\", \",\"show_link\":true,\"link_style\":\"\"},\"name\":\"categoryString\"}},\"query\":{\"name\":\"posts.customPosts\",\"arguments\":{\"terms\":[120,396,66],\"category_operator\":\"IN\",\"post_tag_operator\":\"IN\",\"users\":[],\"users_operator\":\"IN\",\"offset\":0,\"limit\":150,\"order\":\"date\",\"order_direction\":\"DESC\"},\"arguments_extended\":{}}}}]}]}]}],\"name\":\"Posts\"}],\"version\":\"4.5.31\",\"yooessentialsVersion\":\"2.4.12\"} --><\/p>\n","protected":false},"excerpt":{"rendered":"<p>DESTACADO DEL D\u00cdA \ud83d\udd25<\/p>\n","protected":false},"author":1,"featured_media":0,"parent":0,"menu_order":0,"comment_status":"closed","ping_status":"closed","template":"","meta":{"_acf_changed":false,"_joinchat":[],"footnotes":""},"class_list":["post-268419","page","type-page","status-publish","hentry"],"acf":[],"yoast_head":"<!-- This site is optimized with the Yoast SEO Premium plugin v27.2 (Yoast SEO v27.2) - https:\/\/yoast.com\/product\/yoast-seo-premium-wordpress\/ -->\n<title>Blog de Fotograf\u00eda de Bodas e Inspiraci\u00f3n - Arthur Rosa<\/title>\n<meta name=\"description\" content=\"Descubre historias reales, sesiones espont\u00e1neas y consejos para tu boda. Arthur Rosa captura destination weddings en Cear\u00e1 y el mundo con un estilo documental y aut\u00e9ntico. \u00a1Insp\u00edrate aqu\u00ed!\" \/>\n<meta name=\"robots\" content=\"index, follow, max-snippet:-1, max-image-preview:large, max-video-preview:-1\" \/>\n<link rel=\"canonical\" href=\"https:\/\/arthurrosa.com\/es\/blog\/\" \/>\n<meta property=\"og:locale\" content=\"es_ES\" \/>\n<meta property=\"og:type\" content=\"article\" \/>\n<meta property=\"og:title\" content=\"Blog de Fotograf\u00eda de Bodas e Inspiraci\u00f3n - Arthur Rosa\" \/>\n<meta property=\"og:description\" content=\"Descubre historias reales, sesiones espont\u00e1neas y consejos para tu boda. Arthur Rosa captura destination weddings en Cear\u00e1 y el mundo con un estilo documental y aut\u00e9ntico. \u00a1Insp\u00edrate aqu\u00ed!\" \/>\n<meta property=\"og:url\" content=\"https:\/\/arthurrosa.com\/es\/blog\/\" \/>\n<meta property=\"og:site_name\" content=\"Arthur Rosa - fot\u00f3grafo de casamento\" \/>\n<meta property=\"article:publisher\" content=\"https:\/\/www.facebook.com\/ArthurRosa\" \/>\n<meta property=\"article:modified_time\" content=\"2026-01-20T12:53:09+00:00\" \/>\n<meta property=\"og:image\" content=\"https:\/\/arthurrosa.com\/wp-content\/uploads\/2017\/01\/casamento-jericoacora-home-3.jpg\" \/>\n\t<meta property=\"og:image:width\" content=\"2400\" \/>\n\t<meta property=\"og:image:height\" content=\"1350\" \/>\n\t<meta property=\"og:image:type\" content=\"image\/jpeg\" \/>\n<meta name=\"twitter:card\" content=\"summary_large_image\" \/>\n<meta name=\"twitter:site\" content=\"@ArthurRosaTV\" \/>\n<meta name=\"twitter:label1\" content=\"Tiempo de lectura\" \/>\n\t<meta name=\"twitter:data1\" content=\"1 minuto\" \/>\n<script type=\"application\/ld+json\" class=\"yoast-schema-graph\">{\"@context\":\"https:\/\/schema.org\",\"@graph\":[{\"@type\":\"WebPage\",\"@id\":\"https:\/\/arthurrosa.com\/es\/blog\/\",\"url\":\"https:\/\/arthurrosa.com\/es\/blog\/\",\"name\":\"Blog de Fotograf\u00eda de Bodas e Inspiraci\u00f3n - Arthur Rosa\",\"isPartOf\":{\"@id\":\"https:\/\/arthurrosa.com\/es\/#website\"},\"datePublished\":\"2026-01-20T12:39:52+00:00\",\"dateModified\":\"2026-01-20T12:53:09+00:00\",\"description\":\"Descubre historias reales, sesiones espont\u00e1neas y consejos para tu boda. Arthur Rosa captura destination weddings en Cear\u00e1 y el mundo con un estilo documental y aut\u00e9ntico. \u00a1Insp\u00edrate aqu\u00ed!\",\"breadcrumb\":{\"@id\":\"https:\/\/arthurrosa.com\/es\/blog\/#breadcrumb\"},\"inLanguage\":\"es\",\"potentialAction\":[{\"@type\":\"ReadAction\",\"target\":[\"https:\/\/arthurrosa.com\/es\/blog\/\"]}]},{\"@type\":\"BreadcrumbList\",\"@id\":\"https:\/\/arthurrosa.com\/es\/blog\/#breadcrumb\",\"itemListElement\":[{\"@type\":\"ListItem\",\"position\":1,\"name\":\"In\u00edcio\",\"item\":\"https:\/\/arthurrosa.com\/es\/\"},{\"@type\":\"ListItem\",\"position\":2,\"name\":\"Blog de Fotograf\u00eda de Bodas e Inspiraci\u00f3n &#8211; Arthur Rosa\"}]},{\"@type\":\"WebSite\",\"@id\":\"https:\/\/arthurrosa.com\/es\/#website\",\"url\":\"https:\/\/arthurrosa.com\/es\/\",\"name\":\"Arthur Rosa - fot\u00f3grafo de casamento\",\"description\":\"Fot\u00f3grafo de casamento em Fortaleza-CE, Arthur Rosa \u00e9 um dos mais requisitados fot\u00f3grafos na atualidade.\",\"potentialAction\":[{\"@type\":\"SearchAction\",\"target\":{\"@type\":\"EntryPoint\",\"urlTemplate\":\"https:\/\/arthurrosa.com\/es\/?s={search_term_string}\"},\"query-input\":{\"@type\":\"PropertyValueSpecification\",\"valueRequired\":true,\"valueName\":\"search_term_string\"}}],\"inLanguage\":\"es\"}]}<\/script>\n<!-- \/ Yoast SEO Premium plugin. -->","yoast_head_json":{"title":"Blog de Fotograf\u00eda de Bodas e Inspiraci\u00f3n - Arthur Rosa","description":"Descubre historias reales, sesiones espont\u00e1neas y consejos para tu boda. Arthur Rosa captura destination weddings en Cear\u00e1 y el mundo con un estilo documental y aut\u00e9ntico. \u00a1Insp\u00edrate aqu\u00ed!","robots":{"index":"index","follow":"follow","max-snippet":"max-snippet:-1","max-image-preview":"max-image-preview:large","max-video-preview":"max-video-preview:-1"},"canonical":"https:\/\/arthurrosa.com\/es\/blog\/","og_locale":"es_ES","og_type":"article","og_title":"Blog de Fotograf\u00eda de Bodas e Inspiraci\u00f3n - Arthur Rosa","og_description":"Descubre historias reales, sesiones espont\u00e1neas y consejos para tu boda. Arthur Rosa captura destination weddings en Cear\u00e1 y el mundo con un estilo documental y aut\u00e9ntico. \u00a1Insp\u00edrate aqu\u00ed!","og_url":"https:\/\/arthurrosa.com\/es\/blog\/","og_site_name":"Arthur Rosa - fot\u00f3grafo de casamento","article_publisher":"https:\/\/www.facebook.com\/ArthurRosa","article_modified_time":"2026-01-20T12:53:09+00:00","og_image":[{"width":2400,"height":1350,"url":"https:\/\/arthurrosa.com\/wp-content\/uploads\/2017\/01\/casamento-jericoacora-home-3.jpg","type":"image\/jpeg"}],"twitter_card":"summary_large_image","twitter_site":"@ArthurRosaTV","twitter_misc":{"Tiempo de lectura":"1 minuto"},"schema":{"@context":"https:\/\/schema.org","@graph":[{"@type":"WebPage","@id":"https:\/\/arthurrosa.com\/es\/blog\/","url":"https:\/\/arthurrosa.com\/es\/blog\/","name":"Blog de Fotograf\u00eda de Bodas e Inspiraci\u00f3n - Arthur Rosa","isPartOf":{"@id":"https:\/\/arthurrosa.com\/es\/#website"},"datePublished":"2026-01-20T12:39:52+00:00","dateModified":"2026-01-20T12:53:09+00:00","description":"Descubre historias reales, sesiones espont\u00e1neas y consejos para tu boda. Arthur Rosa captura destination weddings en Cear\u00e1 y el mundo con un estilo documental y aut\u00e9ntico. \u00a1Insp\u00edrate aqu\u00ed!","breadcrumb":{"@id":"https:\/\/arthurrosa.com\/es\/blog\/#breadcrumb"},"inLanguage":"es","potentialAction":[{"@type":"ReadAction","target":["https:\/\/arthurrosa.com\/es\/blog\/"]}]},{"@type":"BreadcrumbList","@id":"https:\/\/arthurrosa.com\/es\/blog\/#breadcrumb","itemListElement":[{"@type":"ListItem","position":1,"name":"In\u00edcio","item":"https:\/\/arthurrosa.com\/es\/"},{"@type":"ListItem","position":2,"name":"Blog de Fotograf\u00eda de Bodas e Inspiraci\u00f3n &#8211; Arthur Rosa"}]},{"@type":"WebSite","@id":"https:\/\/arthurrosa.com\/es\/#website","url":"https:\/\/arthurrosa.com\/es\/","name":"Arthur Rosa - fot\u00f3grafo de casamento","description":"Fot\u00f3grafo de casamento em Fortaleza-CE, Arthur Rosa \u00e9 um dos mais requisitados fot\u00f3grafos na atualidade.","potentialAction":[{"@type":"SearchAction","target":{"@type":"EntryPoint","urlTemplate":"https:\/\/arthurrosa.com\/es\/?s={search_term_string}"},"query-input":{"@type":"PropertyValueSpecification","valueRequired":true,"valueName":"search_term_string"}}],"inLanguage":"es"}]}},"featured_image_src":null,"featured_image_src_square":null,"_links":{"self":[{"href":"https:\/\/arthurrosa.com\/es\/wp-json\/wp\/v2\/pages\/268419","targetHints":{"allow":["GET"]}}],"collection":[{"href":"https:\/\/arthurrosa.com\/es\/wp-json\/wp\/v2\/pages"}],"about":[{"href":"https:\/\/arthurrosa.com\/es\/wp-json\/wp\/v2\/types\/page"}],"author":[{"embeddable":true,"href":"https:\/\/arthurrosa.com\/es\/wp-json\/wp\/v2\/users\/1"}],"replies":[{"embeddable":true,"href":"https:\/\/arthurrosa.com\/es\/wp-json\/wp\/v2\/comments?post=268419"}],"version-history":[{"count":2,"href":"https:\/\/arthurrosa.com\/es\/wp-json\/wp\/v2\/pages\/268419\/revisions"}],"predecessor-version":[{"id":268421,"href":"https:\/\/arthurrosa.com\/es\/wp-json\/wp\/v2\/pages\/268419\/revisions\/268421"}],"wp:attachment":[{"href":"https:\/\/arthurrosa.com\/es\/wp-json\/wp\/v2\/media?parent=268419"}],"curies":[{"name":"wp","href":"https:\/\/api.w.org\/{rel}","templated":true}]}}