{"id":241142,"date":"2017-01-17T10:46:22","date_gmt":"2017-01-17T13:46:22","guid":{"rendered":"https:\/\/arthurrosa.com\/?page_id=241142\/"},"modified":"2017-05-05T19:31:19","modified_gmt":"2017-05-05T22:31:19","slug":"faq","status":"publish","type":"page","link":"https:\/\/arthurrosa.com\/en\/faq\/","title":{"rendered":"FAQ"},"content":{"rendered":"<p>FAQ<\/p>\n<p>Frequently Asked Questions<\/p>\n<p>GET IN TOUCH<\/p>\n<p>Frequently Asked Questions<\/p>\n<p>Yes! They are 100% of my work nowadays. I used to shoot maternity sessions, seniors and other stuff, but I decided to focus on my passion: weddings! <\/p>\n<p>I completely understand that you want to know my price rates in advance. However, every wedding is different in so many aspects. So for pricing, please contact me for a quote <a href=\"https:\/\/arthurrosa.com\/en\/contact\/\">here<\/a>.<\/p>\n<p>Yes, most of the time. Mara, my wife, is my second shooter. We often work together, but there are some small weddings that don&#8217;t require a second photographer, so I shoot alone.<\/p>\n<p>Yes! Traveling is my fuel source. I love to travel and I love to photograph weddings, so I&#8217;d be glad to get on an airplane and go wherever you want me to as your photographer. I have traveled to <a href=\"\/en\/brooklyn-engagement-session-gisele-david\/\">NYC<\/a>, t<a href=\"\/en\/maldives-destination-wedding-yanna-tarcisio\/\">he Maldives<\/a>, <a href=\"\/en\/trash-dress-ana-kilian-walberla-germany\/\">Germany<\/a> and <a href=\"\/en\/singapore-trash-dress-yanna-tarcisio\/\">Singapore<\/a> to photograph amazing couples and you could be the next one.<\/p>\n<p><!-- {\"name\":\"\",\"type\":\"layout\",\"children\":[{\"name\":\"\",\"type\":\"section\",\"props\":{\"style\":\"image\",\"width\":\"default\",\"image_size\":\"cover\",\"image\":\"https:\\\/\\\/arthurrosa.com\\\/wp-content\\\/uploads\\\/2017\\\/01\\\/arthur-rosa-home-1.jpg\",\"media_overlay\":\"rgba(0, 0, 0, 0.5)\",\"header_transparent\":\"light\",\"animation\":\"slide-bottom-medium\",\"text_color\":\"light\",\"padding\":\"xlarge\",\"image_position\":\"top-center\"},\"children\":[{\"name\":\"\",\"type\":\"row\",\"props\":{\"fixed_width\":\"large\",\"breakpoint\":\"m\",\"layout\":\"1-1\"},\"children\":[{\"name\":\"\",\"type\":\"column\",\"props\":{\"image_position\":\"center-center\",\"widths\":[\"1-1\"]},\"children\":[{\"name\":\"\",\"type\":\"headline\",\"props\":{\"title_element\":\"h1\",\"content\":\"FAQ\",\"title_style\":\"h1\",\"title_decoration\":\"line\",\"text_align\":\"center\"}},{\"name\":\"Headline Secund\\u00e1ria\",\"type\":\"headline\",\"props\":{\"title_element\":\"h3\",\"content\":\"Frequently Asked Questions\",\"title_style\":\"h6\",\"title_decoration\":\"line\",\"text_align\":\"center\"}},{\"name\":\"\",\"type\":\"divider\",\"props\":{\"divider_element\":\"hr\"}},{\"name\":\"\",\"type\":\"button\",\"props\":{\"gutter\":\"medium\",\"margin\":\"default\",\"button_size\":\"\",\"text_align\":\"center\",\"fullwidth\":false},\"children\":[{\"name\":\"\",\"type\":\"button_item\",\"props\":{\"button_style\":\"primary\",\"icon_align\":\"left\",\"content\":\"GET IN TOUCH\",\"icon\":\"mail\",\"link\":\"https:\\\/\\\/arthurrosa.com\\\/en\\\/contact\\\/\"}}]}]}]}]},{\"name\":\"\",\"type\":\"section\",\"props\":{\"style\":\"default\",\"width\":\"default\",\"image_size\":\"cover\",\"image_position\":\"center-center\"},\"children\":[{\"name\":\"\",\"type\":\"row\",\"props\":{\"fixed_width\":\"large\",\"breakpoint\":\"m\",\"layout\":\"1-1\"},\"children\":[{\"name\":\"\",\"type\":\"column\",\"props\":{\"image_position\":\"center-center\",\"widths\":[\"1-1\"]},\"children\":[{\"name\":\"\",\"type\":\"headline\",\"props\":{\"title_element\":\"h1\",\"content\":\"Frequently Asked Questions\",\"title_style\":\"h1\",\"title_decoration\":\"line\",\"text_align\":\"center\"}},{\"name\":\"\",\"type\":\"divider\",\"props\":{\"divider_element\":\"hr\"}}]}]},{\"name\":\"\",\"type\":\"row\",\"props\":{\"fixed_width\":\"large\",\"breakpoint\":\"m\",\"layout\":\"1-1\"},\"children\":[{\"name\":\"\",\"type\":\"column\",\"props\":{\"image_position\":\"center-center\",\"widths\":[\"1-1\"]},\"children\":[{\"name\":\"\",\"type\":\"description_list\",\"props\":{\"list_style\":\"striped\",\"layout\":\"stacked\",\"title_style\":\"h1\",\"title_colon\":false,\"animation\":\"fade\",\"show_title\":true,\"show_meta\":true,\"show_content\":true,\"show_link\":true,\"width\":\"auto\",\"gutter\":\"small\",\"meta_style\":\"meta\",\"meta_align\":\"bottom-content\"},\"children\":[{\"name\":\"\",\"type\":\"description_list_item\",\"props\":{\"title\":\"Do you only shoot engagements, elopements and weddings?\",\"content\":\"Yes! They are 100% of my work nowadays. I used to shoot maternity sessions, seniors and other stuff, but I decided to focus on my passion: weddings! \"}},{\"name\":\"\",\"type\":\"description_list_item\",\"props\":{\"title\":\"What is your pricing?\",\"content\":\"I completely understand that you want to know my price rates in advance. However, every wedding is different in so many aspects. So for pricing, please contact me for a quote <a href=\\\"https:\\\/\\\/arthurrosa.com\\\/en\\\/contact\\\/\\\">here<\\\/a>.\"}},{\"name\":\"\",\"type\":\"description_list_item\",\"props\":{\"title\":\"Do you work with a second photographer?\",\"content\":\"Yes, most of the time. Mara, my wife, is my second shooter. We often work together, but there are some small weddings that don't require a second photographer, so I shoot alone.\"}},{\"name\":\"\",\"type\":\"description_list_item\",\"props\":{\"title\":\"Do you travel for weddings?\",\"content\":\"Yes! Traveling is my fuel source. I love to travel and I love to photograph weddings, so I'd be glad to get on an airplane and go wherever you want me to as your photographer. I have traveled to <a href=\\\"\\\/en\\\/brooklyn-engagement-session-gisele-david\\\/\\\">NYC<\\\/a>, t<a href=\\\"\\\/en\\\/maldives-destination-wedding-yanna-tarcisio\\\/\\\">he Maldives<\\\/a>, <a href=\\\"\\\/en\\\/trash-dress-ana-kilian-walberla-germany\\\/\\\">Germany<\\\/a> and <a href=\\\"\\\/en\\\/singapore-trash-dress-yanna-tarcisio\\\/\\\">Singapore<\\\/a> to photograph amazing couples and you could be the next one.\"}}]}]}]}]}]} --><\/p>\n","protected":false},"excerpt":{"rendered":"<p>FAQ Frequently Asked Questions GET IN TOUCH Frequently Asked Questions Yes! They are 100% of my work nowadays. I used to shoot maternity sessions, seniors and other stuff, but I decided to focus on my passion: weddings! I completely understand that you want to know my price rates in advance. However, every wedding is different [&hellip;]<\/p>\n","protected":false},"author":1,"featured_media":0,"parent":0,"menu_order":0,"comment_status":"closed","ping_status":"closed","template":"","meta":{"_acf_changed":false,"_joinchat":[],"footnotes":""},"class_list":["post-241142","page","type-page","status-publish","hentry"],"acf":[],"yoast_head":"<!-- This site is optimized with the Yoast SEO Premium plugin v27.2 (Yoast SEO v27.2) - https:\/\/yoast.com\/product\/yoast-seo-premium-wordpress\/ -->\n<title>FAQ \u2013 Arthur Rosa - Wedding Photographer<\/title>\n<meta name=\"description\" content=\"Frequently asked questions related to wedding photography made by our clients. Take a look now.\" \/>\n<meta name=\"robots\" content=\"index, follow, max-snippet:-1, max-image-preview:large, max-video-preview:-1\" \/>\n<link rel=\"canonical\" href=\"https:\/\/arthurrosa.com\/en\/faq\/\" \/>\n<meta property=\"og:locale\" content=\"en_US\" \/>\n<meta property=\"og:type\" content=\"article\" \/>\n<meta property=\"og:title\" content=\"FAQ\" \/>\n<meta property=\"og:description\" content=\"Frequently asked questions related to wedding photography made by our clients. Take a look now.\" \/>\n<meta property=\"og:url\" content=\"https:\/\/arthurrosa.com\/en\/faq\/\" \/>\n<meta property=\"og:site_name\" content=\"Arthur Rosa - fot\u00f3grafo de casamento\" \/>\n<meta property=\"article:publisher\" content=\"https:\/\/www.facebook.com\/ArthurRosa\" \/>\n<meta property=\"article:modified_time\" content=\"2017-05-05T22:31:19+00:00\" \/>\n<meta property=\"og:image\" content=\"https:\/\/arthurrosa.com\/wp-content\/uploads\/2017\/01\/casamento-jericoacora-home-3.jpg\" \/>\n\t<meta property=\"og:image:width\" content=\"2400\" \/>\n\t<meta property=\"og:image:height\" content=\"1350\" \/>\n\t<meta property=\"og:image:type\" content=\"image\/jpeg\" \/>\n<meta name=\"twitter:card\" content=\"summary_large_image\" \/>\n<meta name=\"twitter:site\" content=\"@ArthurRosaTV\" \/>\n<meta name=\"twitter:label1\" content=\"Est. reading time\" \/>\n\t<meta name=\"twitter:data1\" content=\"1 minute\" \/>\n<script type=\"application\/ld+json\" class=\"yoast-schema-graph\">{\"@context\":\"https:\/\/schema.org\",\"@graph\":[{\"@type\":\"WebPage\",\"@id\":\"https:\/\/arthurrosa.com\/en\/faq\/\",\"url\":\"https:\/\/arthurrosa.com\/en\/faq\/\",\"name\":\"FAQ \u2013 Arthur Rosa - Wedding Photographer\",\"isPartOf\":{\"@id\":\"https:\/\/arthurrosa.com\/en\/#website\"},\"datePublished\":\"2017-01-17T13:46:22+00:00\",\"dateModified\":\"2017-05-05T22:31:19+00:00\",\"description\":\"Frequently asked questions related to wedding photography made by our clients. Take a look now.\",\"breadcrumb\":{\"@id\":\"https:\/\/arthurrosa.com\/en\/faq\/#breadcrumb\"},\"inLanguage\":\"en-US\",\"potentialAction\":[{\"@type\":\"ReadAction\",\"target\":[\"https:\/\/arthurrosa.com\/en\/faq\/\"]}]},{\"@type\":\"BreadcrumbList\",\"@id\":\"https:\/\/arthurrosa.com\/en\/faq\/#breadcrumb\",\"itemListElement\":[{\"@type\":\"ListItem\",\"position\":1,\"name\":\"In\u00edcio\",\"item\":\"https:\/\/arthurrosa.com\/en\/\"},{\"@type\":\"ListItem\",\"position\":2,\"name\":\"FAQ\"}]},{\"@type\":\"WebSite\",\"@id\":\"https:\/\/arthurrosa.com\/en\/#website\",\"url\":\"https:\/\/arthurrosa.com\/en\/\",\"name\":\"Arthur Rosa - fot\u00f3grafo de casamento\",\"description\":\"Fot\u00f3grafo de casamento em Fortaleza-CE, Arthur Rosa \u00e9 um dos mais requisitados fot\u00f3grafos na atualidade.\",\"potentialAction\":[{\"@type\":\"SearchAction\",\"target\":{\"@type\":\"EntryPoint\",\"urlTemplate\":\"https:\/\/arthurrosa.com\/en\/?s={search_term_string}\"},\"query-input\":{\"@type\":\"PropertyValueSpecification\",\"valueRequired\":true,\"valueName\":\"search_term_string\"}}],\"inLanguage\":\"en-US\"}]}<\/script>\n<!-- \/ Yoast SEO Premium plugin. -->","yoast_head_json":{"title":"FAQ \u2013 Arthur Rosa - Wedding Photographer","description":"Frequently asked questions related to wedding photography made by our clients. Take a look now.","robots":{"index":"index","follow":"follow","max-snippet":"max-snippet:-1","max-image-preview":"max-image-preview:large","max-video-preview":"max-video-preview:-1"},"canonical":"https:\/\/arthurrosa.com\/en\/faq\/","og_locale":"en_US","og_type":"article","og_title":"FAQ","og_description":"Frequently asked questions related to wedding photography made by our clients. Take a look now.","og_url":"https:\/\/arthurrosa.com\/en\/faq\/","og_site_name":"Arthur Rosa - fot\u00f3grafo de casamento","article_publisher":"https:\/\/www.facebook.com\/ArthurRosa","article_modified_time":"2017-05-05T22:31:19+00:00","og_image":[{"width":2400,"height":1350,"url":"https:\/\/arthurrosa.com\/wp-content\/uploads\/2017\/01\/casamento-jericoacora-home-3.jpg","type":"image\/jpeg"}],"twitter_card":"summary_large_image","twitter_site":"@ArthurRosaTV","twitter_misc":{"Est. reading time":"1 minute"},"schema":{"@context":"https:\/\/schema.org","@graph":[{"@type":"WebPage","@id":"https:\/\/arthurrosa.com\/en\/faq\/","url":"https:\/\/arthurrosa.com\/en\/faq\/","name":"FAQ \u2013 Arthur Rosa - Wedding Photographer","isPartOf":{"@id":"https:\/\/arthurrosa.com\/en\/#website"},"datePublished":"2017-01-17T13:46:22+00:00","dateModified":"2017-05-05T22:31:19+00:00","description":"Frequently asked questions related to wedding photography made by our clients. Take a look now.","breadcrumb":{"@id":"https:\/\/arthurrosa.com\/en\/faq\/#breadcrumb"},"inLanguage":"en-US","potentialAction":[{"@type":"ReadAction","target":["https:\/\/arthurrosa.com\/en\/faq\/"]}]},{"@type":"BreadcrumbList","@id":"https:\/\/arthurrosa.com\/en\/faq\/#breadcrumb","itemListElement":[{"@type":"ListItem","position":1,"name":"In\u00edcio","item":"https:\/\/arthurrosa.com\/en\/"},{"@type":"ListItem","position":2,"name":"FAQ"}]},{"@type":"WebSite","@id":"https:\/\/arthurrosa.com\/en\/#website","url":"https:\/\/arthurrosa.com\/en\/","name":"Arthur Rosa - fot\u00f3grafo de casamento","description":"Fot\u00f3grafo de casamento em Fortaleza-CE, Arthur Rosa \u00e9 um dos mais requisitados fot\u00f3grafos na atualidade.","potentialAction":[{"@type":"SearchAction","target":{"@type":"EntryPoint","urlTemplate":"https:\/\/arthurrosa.com\/en\/?s={search_term_string}"},"query-input":{"@type":"PropertyValueSpecification","valueRequired":true,"valueName":"search_term_string"}}],"inLanguage":"en-US"}]}},"featured_image_src":null,"featured_image_src_square":null,"_links":{"self":[{"href":"https:\/\/arthurrosa.com\/en\/wp-json\/wp\/v2\/pages\/241142","targetHints":{"allow":["GET"]}}],"collection":[{"href":"https:\/\/arthurrosa.com\/en\/wp-json\/wp\/v2\/pages"}],"about":[{"href":"https:\/\/arthurrosa.com\/en\/wp-json\/wp\/v2\/types\/page"}],"author":[{"embeddable":true,"href":"https:\/\/arthurrosa.com\/en\/wp-json\/wp\/v2\/users\/1"}],"replies":[{"embeddable":true,"href":"https:\/\/arthurrosa.com\/en\/wp-json\/wp\/v2\/comments?post=241142"}],"version-history":[{"count":0,"href":"https:\/\/arthurrosa.com\/en\/wp-json\/wp\/v2\/pages\/241142\/revisions"}],"wp:attachment":[{"href":"https:\/\/arthurrosa.com\/en\/wp-json\/wp\/v2\/media?parent=241142"}],"curies":[{"name":"wp","href":"https:\/\/api.w.org\/{rel}","templated":true}]}}