{"id":241099,"date":"2017-01-16T12:18:12","date_gmt":"2017-01-16T15:18:12","guid":{"rendered":"https:\/\/arthurrosa.com\/?page_id=241099\/"},"modified":"2021-03-23T12:09:51","modified_gmt":"2021-03-23T15:09:51","slug":"review","status":"publish","type":"page","link":"https:\/\/arthurrosa.com\/en\/review\/","title":{"rendered":"Testimonials"},"content":{"rendered":"<h1>TESTIMONIALS<\/h1>\n<h3>You can read here what our clients have said about our work.<\/h3>\n<h1>Gisele Mendes<\/h1>\n<blockquote>\n<p>We have no words to thank you for the amazing e- session we had with you! Indeed , it was mean to be! Your professionalism and energy made us feel so confortable that our love and happiness reflected in each picture! It was our pleasure to show you a little bit of which inspired us. We are very honored to be your first international shoot and we are sure with your success will be more to come! We are itlooking forward to see you in Brazil for our big day !<\/p>\n<p>It was fun, epic, amazing photo shoot!<\/p>\n<p>Thank you very much!<\/p>\n<footer>\n<p>                <cite>Gisele Mendes<\/cite><\/p>\n<\/footer>\n<\/blockquote>\n<p>\n    <a href=\"https:\/\/arthurrosa.com\/en\/brooklyn-engagement-session-gisele-david\/\">SEE E-SESSION<\/a>\n<\/p>\n<hr>\n<h1>Kilian Schuler<\/h1>\n<blockquote>\n<p>    Dear Arthur and Mara, we love your pictures! Thank you very much for the opportunity to have this session with you guys.<br \/>\n<br \/>\nWe enjoyed ourselves a lot and I think we also learned a lot from you. Some of the pictures will definitely make into our living room! Photographers that make even me look good are real artists.<br \/>\n<br \/>\nHopefully, we have the chance to meet again soon, it was good to have you here. Abracos, Kilian.\u201d<\/p>\n<footer>\n<p>                <cite>Kilian Schuler<\/cite><\/p>\n<\/footer>\n<\/blockquote>\n<p>\n    <a href=\"https:\/\/arthurrosa.com\/en\/trash-dress-ana-kilian-walberla-germany\/\">SEE PHOTOSHOOT<\/a>\n<\/p>\n<hr>\n<p><!--more--><br \/>\n<!-- {\"name\":\"\",\"type\":\"layout\",\"children\":[{\"name\":\"\",\"type\":\"section\",\"props\":{\"style\":\"image\",\"width\":\"default\",\"image_size\":\"cover\",\"image\":\"wp-content\\\/uploads\\\/2017\\\/01\\\/home-wedding-photographer-brazil9.jpg\",\"text_color\":\"light\",\"header_transparent\":\"light\",\"animation\":\"slide-bottom-medium\",\"animation_delay\":true,\"media_overlay\":\"rgba(0, 0, 0, 0.46)\",\"image_fixed\":false,\"padding\":\"xlarge\",\"image_position\":\"center-center\",\"vertical_align\":\"middle\",\"title_position\":\"top-left\",\"title_rotation\":\"left\",\"title_breakpoint\":\"xl\"},\"children\":[{\"name\":\"\",\"type\":\"row\",\"children\":[{\"name\":\"\",\"type\":\"column\",\"props\":{\"image_position\":\"center-center\",\"width_medium\":\"1-1\",\"media_overlay_gradient\":\"\"},\"children\":[{\"name\":\"Headline Padr\\u00e3o\",\"type\":\"headline\",\"props\":{\"title_element\":\"h1\",\"content\":\"TESTIMONIALS\",\"title_style\":\"h1\",\"text_align\":\"center\"}},{\"name\":\"Headline Secund\\u00e1ria\",\"type\":\"headline\",\"props\":{\"title_element\":\"h3\",\"content\":\"You can read here what our clients have said about our work.\",\"title_style\":\"h6\",\"text_align\":\"center\"}}]}]}]},{\"name\":\"\",\"type\":\"section\",\"props\":{\"style\":\"default\",\"width\":\"default\",\"image_size\":\"cover\",\"image_position\":\"center-center\",\"vertical_align\":\"middle\",\"title_position\":\"top-left\",\"title_rotation\":\"left\",\"title_breakpoint\":\"xl\"},\"children\":[{\"name\":\"\",\"type\":\"row\",\"children\":[{\"name\":\"\",\"type\":\"column\",\"props\":{\"image_position\":\"center-center\",\"width_medium\":\"1-1\",\"media_overlay_gradient\":\"\"},\"children\":[{\"name\":\"\",\"type\":\"headline\",\"props\":{\"title_element\":\"h1\",\"content\":\"Gisele Mendes\",\"title_style\":\"h2\",\"title_decoration\":\"line\",\"text_align\":\"center\"}},{\"name\":\"\",\"type\":\"quotation\",\"props\":{\"content\":\"\n\n<p>We have no words to thank you for the amazing e- session we had with you! Indeed , it was mean to be! Your professionalism and energy made us feel so confortable that our love and happiness reflected in each picture! It was our pleasure to show you a little bit of which inspired us. We are very honored to be your first international shoot and we are sure with your success will be more to come! We are itlooking forward to see you in Brazil for our big day !<\\\/p>\\n\\n\n\n<p>It was fun, epic, amazing photo shoot!<\\\/p>\\n\\n\n\n<p>Thank you very much!<\\\/p>\",\"author\":\"Gisele Mendes\",\"footer\":\"\",\"link\":\"\",\"link_target\":true,\"link_style\":\"muted\",\"animation\":\"slide-right-medium\"}},{\"name\":\"\",\"type\":\"button\",\"props\":{\"margin\":\"default\",\"button_size\":\"small\",\"text_align\":\"center\",\"animation\":\"scale-down\",\"grid_column_gap\":\"small\",\"grid_row_gap\":\"small\"},\"children\":[{\"name\":\"\",\"type\":\"button_item\",\"props\":{\"button_style\":\"primary\",\"icon_align\":\"left\",\"content\":\"SEE E-SESSION\",\"icon\":\"camera\",\"link\":\"https:\\\/\\\/arthurrosa.com\\\/en\\\/brooklyn-engagement-session-gisele-david\\\/\"}}]},{\"name\":\"\",\"type\":\"divider\",\"props\":{\"divider_element\":\"hr\"}}]}]},{\"name\":\"\",\"type\":\"row\",\"children\":[{\"name\":\"\",\"type\":\"column\",\"props\":{\"image_position\":\"center-center\",\"width_medium\":\"1-1\",\"media_overlay_gradient\":\"\"},\"children\":[{\"name\":\"\",\"type\":\"headline\",\"props\":{\"title_element\":\"h1\",\"content\":\"Kilian Schuler\",\"title_style\":\"h2\",\"title_decoration\":\"line\",\"text_align\":\"center\"}},{\"name\":\"\",\"type\":\"quotation\",\"props\":{\"content\":\"Dear Arthur and Mara, we love your pictures! Thank you very much for the opportunity to have this session with you guys.\\n<br \/>\\nWe enjoyed ourselves a lot and I think we also learned a lot from you. Some of the pictures will definitely make into our living room! Photographers that make even me look good are real artists.\\n<br \/>\\nHopefully, we have the chance to meet again soon, it was good to have you here. Abracos, Kilian.\\u201d\",\"author\":\"Kilian Schuler\",\"footer\":\"\",\"link\":\"\",\"link_target\":true,\"link_style\":\"muted\",\"animation\":\"slide-right-medium\"}},{\"name\":\"\",\"type\":\"button\",\"props\":{\"margin\":\"default\",\"button_size\":\"small\",\"text_align\":\"center\",\"animation\":\"scale-down\",\"grid_column_gap\":\"small\",\"grid_row_gap\":\"small\"},\"children\":[{\"name\":\"\",\"type\":\"button_item\",\"props\":{\"button_style\":\"primary\",\"icon_align\":\"left\",\"content\":\"SEE PHOTOSHOOT\",\"icon\":\"camera\",\"link\":\"https:\\\/\\\/arthurrosa.com\\\/en\\\/trash-dress-ana-kilian-walberla-germany\\\/\"}}]},{\"name\":\"\",\"type\":\"divider\",\"props\":{\"divider_element\":\"hr\"}}]}]}]}],\"version\":\"2.4.6\"} --><\/p>\n","protected":false},"excerpt":{"rendered":"<p>TESTIMONIALS You can read here what our clients have said about our work. Gisele Mendes We have no words to thank you for the amazing e- session we had with you! Indeed , it was mean to be! Your professionalism and energy made us feel so confortable that our love and happiness reflected in each [&hellip;]<\/p>\n","protected":false},"author":1,"featured_media":0,"parent":0,"menu_order":0,"comment_status":"closed","ping_status":"closed","template":"","meta":{"_acf_changed":false,"_joinchat":[],"footnotes":""},"class_list":["post-241099","page","type-page","status-publish","hentry"],"acf":[],"yoast_head":"<!-- This site is optimized with the Yoast SEO Premium plugin v27.2 (Yoast SEO v27.2) - https:\/\/yoast.com\/product\/yoast-seo-premium-wordpress\/ -->\n<title>Testimonials - Arthur Rosa - fot\u00f3grafo de casamento<\/title>\n<meta name=\"robots\" content=\"index, follow, max-snippet:-1, max-image-preview:large, max-video-preview:-1\" \/>\n<link rel=\"canonical\" href=\"https:\/\/arthurrosa.com\/en\/review\/\" \/>\n<meta property=\"og:locale\" content=\"en_US\" \/>\n<meta property=\"og:type\" content=\"article\" \/>\n<meta property=\"og:title\" content=\"Testimonials\" \/>\n<meta property=\"og:description\" content=\"TESTIMONIALS You can read here what our clients have said about our work. Gisele Mendes We have no words to thank you for the amazing e- session we had with you! Indeed , it was mean to be! Your professionalism and energy made us feel so confortable that our love and happiness reflected in each [&hellip;]\" \/>\n<meta property=\"og:url\" content=\"https:\/\/arthurrosa.com\/en\/review\/\" \/>\n<meta property=\"og:site_name\" content=\"Arthur Rosa - fot\u00f3grafo de casamento\" \/>\n<meta property=\"article:publisher\" content=\"https:\/\/www.facebook.com\/ArthurRosa\" \/>\n<meta property=\"article:modified_time\" content=\"2021-03-23T15:09:51+00:00\" \/>\n<meta property=\"og:image\" content=\"https:\/\/arthurrosa.com\/wp-content\/uploads\/2016\/01\/depoimentos.jpg\" \/>\n\t<meta property=\"og:image:width\" content=\"1200\" \/>\n\t<meta property=\"og:image:height\" content=\"640\" \/>\n\t<meta property=\"og:image:type\" content=\"image\/jpeg\" \/>\n<meta name=\"twitter:card\" content=\"summary_large_image\" \/>\n<meta name=\"twitter:image\" content=\"https:\/\/arthurrosa.com\/wp-content\/uploads\/2016\/01\/depoimentos.jpg\" \/>\n<meta name=\"twitter:site\" content=\"@ArthurRosaTV\" \/>\n<meta name=\"twitter:label1\" content=\"Est. reading time\" \/>\n\t<meta name=\"twitter:data1\" content=\"1 minute\" \/>\n<script type=\"application\/ld+json\" class=\"yoast-schema-graph\">{\"@context\":\"https:\/\/schema.org\",\"@graph\":[{\"@type\":\"WebPage\",\"@id\":\"https:\/\/arthurrosa.com\/en\/review\/\",\"url\":\"https:\/\/arthurrosa.com\/en\/review\/\",\"name\":\"Testimonials - Arthur Rosa - fot\u00f3grafo de casamento\",\"isPartOf\":{\"@id\":\"https:\/\/arthurrosa.com\/en\/#website\"},\"datePublished\":\"2017-01-16T15:18:12+00:00\",\"dateModified\":\"2021-03-23T15:09:51+00:00\",\"breadcrumb\":{\"@id\":\"https:\/\/arthurrosa.com\/en\/review\/#breadcrumb\"},\"inLanguage\":\"en-US\",\"potentialAction\":[{\"@type\":\"ReadAction\",\"target\":[\"https:\/\/arthurrosa.com\/en\/review\/\"]}]},{\"@type\":\"BreadcrumbList\",\"@id\":\"https:\/\/arthurrosa.com\/en\/review\/#breadcrumb\",\"itemListElement\":[{\"@type\":\"ListItem\",\"position\":1,\"name\":\"In\u00edcio\",\"item\":\"https:\/\/arthurrosa.com\/en\/\"},{\"@type\":\"ListItem\",\"position\":2,\"name\":\"Testimonials\"}]},{\"@type\":\"WebSite\",\"@id\":\"https:\/\/arthurrosa.com\/en\/#website\",\"url\":\"https:\/\/arthurrosa.com\/en\/\",\"name\":\"Arthur Rosa - fot\u00f3grafo de casamento\",\"description\":\"Fot\u00f3grafo de casamento em Fortaleza-CE, Arthur Rosa \u00e9 um dos mais requisitados fot\u00f3grafos na atualidade.\",\"potentialAction\":[{\"@type\":\"SearchAction\",\"target\":{\"@type\":\"EntryPoint\",\"urlTemplate\":\"https:\/\/arthurrosa.com\/en\/?s={search_term_string}\"},\"query-input\":{\"@type\":\"PropertyValueSpecification\",\"valueRequired\":true,\"valueName\":\"search_term_string\"}}],\"inLanguage\":\"en-US\"}]}<\/script>\n<!-- \/ Yoast SEO Premium plugin. -->","yoast_head_json":{"title":"Testimonials - Arthur Rosa - fot\u00f3grafo de casamento","robots":{"index":"index","follow":"follow","max-snippet":"max-snippet:-1","max-image-preview":"max-image-preview:large","max-video-preview":"max-video-preview:-1"},"canonical":"https:\/\/arthurrosa.com\/en\/review\/","og_locale":"en_US","og_type":"article","og_title":"Testimonials","og_description":"TESTIMONIALS You can read here what our clients have said about our work. Gisele Mendes We have no words to thank you for the amazing e- session we had with you! Indeed , it was mean to be! Your professionalism and energy made us feel so confortable that our love and happiness reflected in each [&hellip;]","og_url":"https:\/\/arthurrosa.com\/en\/review\/","og_site_name":"Arthur Rosa - fot\u00f3grafo de casamento","article_publisher":"https:\/\/www.facebook.com\/ArthurRosa","article_modified_time":"2021-03-23T15:09:51+00:00","og_image":[{"width":1200,"height":640,"url":"https:\/\/arthurrosa.com\/wp-content\/uploads\/2016\/01\/depoimentos.jpg","type":"image\/jpeg"}],"twitter_card":"summary_large_image","twitter_image":"https:\/\/arthurrosa.com\/wp-content\/uploads\/2016\/01\/depoimentos.jpg","twitter_site":"@ArthurRosaTV","twitter_misc":{"Est. reading time":"1 minute"},"schema":{"@context":"https:\/\/schema.org","@graph":[{"@type":"WebPage","@id":"https:\/\/arthurrosa.com\/en\/review\/","url":"https:\/\/arthurrosa.com\/en\/review\/","name":"Testimonials - Arthur Rosa - fot\u00f3grafo de casamento","isPartOf":{"@id":"https:\/\/arthurrosa.com\/en\/#website"},"datePublished":"2017-01-16T15:18:12+00:00","dateModified":"2021-03-23T15:09:51+00:00","breadcrumb":{"@id":"https:\/\/arthurrosa.com\/en\/review\/#breadcrumb"},"inLanguage":"en-US","potentialAction":[{"@type":"ReadAction","target":["https:\/\/arthurrosa.com\/en\/review\/"]}]},{"@type":"BreadcrumbList","@id":"https:\/\/arthurrosa.com\/en\/review\/#breadcrumb","itemListElement":[{"@type":"ListItem","position":1,"name":"In\u00edcio","item":"https:\/\/arthurrosa.com\/en\/"},{"@type":"ListItem","position":2,"name":"Testimonials"}]},{"@type":"WebSite","@id":"https:\/\/arthurrosa.com\/en\/#website","url":"https:\/\/arthurrosa.com\/en\/","name":"Arthur Rosa - fot\u00f3grafo de casamento","description":"Fot\u00f3grafo de casamento em Fortaleza-CE, Arthur Rosa \u00e9 um dos mais requisitados fot\u00f3grafos na atualidade.","potentialAction":[{"@type":"SearchAction","target":{"@type":"EntryPoint","urlTemplate":"https:\/\/arthurrosa.com\/en\/?s={search_term_string}"},"query-input":{"@type":"PropertyValueSpecification","valueRequired":true,"valueName":"search_term_string"}}],"inLanguage":"en-US"}]}},"featured_image_src":null,"featured_image_src_square":null,"_links":{"self":[{"href":"https:\/\/arthurrosa.com\/en\/wp-json\/wp\/v2\/pages\/241099","targetHints":{"allow":["GET"]}}],"collection":[{"href":"https:\/\/arthurrosa.com\/en\/wp-json\/wp\/v2\/pages"}],"about":[{"href":"https:\/\/arthurrosa.com\/en\/wp-json\/wp\/v2\/types\/page"}],"author":[{"embeddable":true,"href":"https:\/\/arthurrosa.com\/en\/wp-json\/wp\/v2\/users\/1"}],"replies":[{"embeddable":true,"href":"https:\/\/arthurrosa.com\/en\/wp-json\/wp\/v2\/comments?post=241099"}],"version-history":[{"count":0,"href":"https:\/\/arthurrosa.com\/en\/wp-json\/wp\/v2\/pages\/241099\/revisions"}],"wp:attachment":[{"href":"https:\/\/arthurrosa.com\/en\/wp-json\/wp\/v2\/media?parent=241099"}],"curies":[{"name":"wp","href":"https:\/\/api.w.org\/{rel}","templated":true}]}}